{"id":81411,"date":"2025-06-10T18:41:27","date_gmt":"2025-06-10T16:41:27","guid":{"rendered":"https:\/\/bodegasvirei.com\/tienda\/unkategorisiert\/cala-pi-rose-2023\/"},"modified":"2025-09-18T13:06:34","modified_gmt":"2025-09-18T11:06:34","slug":"cala-pi-rose-2024","status":"publish","type":"product","link":"https:\/\/bodegasvirei.com\/de\/tienda\/wein\/cala-pi-rose-2024\/","title":{"rendered":"CALA PI ROSE 2024"},"content":{"rendered":"<div class=\"column_inner\">\n<div class=\"vineContent\">\n<div class=\"vc_row wpb_row section vc_row-fluid vinoText\">\n<div class=\" full_section_inner clearfix\">\n<div class=\"wpb_column vc_column_container vc_col-sm-12\">\n<div class=\"vc_column-inner \">\n<div class=\"wpb_wrapper\">\n<div class=\"wpb_text_column wpb_content_element \">\n<div class=\"wpb_wrapper\">\n<h3>Aubarseitung<\/h3>\n<p>Geerntet im September aus selektierten Trauben. G\u00e4rung in Edelstahl bei kontrollierter Temperatur.<\/p>\n<p>Trinktemperatur 10-12\u00baC.<\/p>\n<p><strong>Auge<\/strong>: Hellrot mit Oranget\u00f6nen.<\/p>\n<p><strong>Nase<\/strong>: Ein sehr aromatischer Wein mit prim\u00e4ren fruchtigen Aromen nach(Erdbeeren, rote Fr\u00fcchte, Brombeeren) auch Blumige Noten nach (Rosen und Mandelbl\u00fcten). Es hat sekund\u00e4re Milcharomen (Hefe). All dies wird von einer ausgepr\u00e4gten Mineralit\u00e4t begleitet, die vom Terroir und einem Salzgehalt aufgrund der N\u00e4he der Weinberge zum Meer erzeugt wird.<\/p>\n<p><strong>Mund<\/strong>: Im Mund ist es ein ausgewogener und strukturierter Wein mit viel Frische am Gaumen. Es hat einen langen und anhaltenden Abgang mit einem Retronasal, wo Sie reife Erdbeeren, Himbeeren und einen mineralischen und salzigen Farbton wahrnehmen k\u00f6nnen<\/p>\n<\/div>\n<\/div>\n<\/div>\n<\/div>\n<\/div>\n<\/div>\n<\/div>\n<\/div>\n<\/div>\n<div class=\"portfolio_comments_holder\">\n<div id=\"comments\" class=\"comment_holder clearfix\">\n<div class=\"comment_number\">\n<div class=\"comment_number_inner\">\n<h5>Keine Kommentare<\/h5>\n<\/div>\n<\/div>\n<\/div>\n<\/div>\n","protected":false},"excerpt":{"rendered":"<p>Aubarseitung Geerntet im September aus selektierten Trauben. G\u00e4rung in Edelstahl bei kontrollierter Temperatur. Trinktemperatur 10-12\u00baC. Auge: Hellrot mit Oranget\u00f6nen. Nase: Ein sehr aromatischer Wein mit prim\u00e4ren fruchtigen Aromen nach(Erdbeeren, rote Fr\u00fcchte, Brombeeren) auch Blumige Noten nach (Rosen und Mandelbl\u00fcten). Es hat sekund\u00e4re Milcharomen (Hefe). All dies wird von einer ausgepr\u00e4gten Mineralit\u00e4t begleitet, die vom Terroir &#8230; <a title=\"CALA PI ROSE 2024\" class=\"read-more\" href=\"https:\/\/bodegasvirei.com\/de\/tienda\/wein\/cala-pi-rose-2024\/\" aria-label=\"Read more about CALA PI ROSE 2024\">Read more<\/a><\/p>\n","protected":false},"featured_media":81377,"template":"","meta":{"iawp_total_views":19},"product_brand":[],"product_cat":[400],"product_tag":[407],"variedad-de-uva":[403,408,402,435,404],"class_list":{"0":"post-81411","1":"product","2":"type-product","3":"status-publish","4":"has-post-thumbnail","6":"product_cat-wein","7":"product_tag-rose-de","8":"variedad-de-uva-cabernet-sauvignon-de","9":"variedad-de-uva-callet-de","10":"variedad-de-uva-manto-negro-de","11":"variedad-de-uva-merlot-de","12":"variedad-de-uva-syrah-de","14":"first","15":"instock","16":"taxable","17":"shipping-taxable","18":"purchasable","19":"product-type-simple"},"booking_location":null,"booking_location_type":null,"booking_duration":null,"booking_duration_unit":null,"booking_buffer":null,"booking_cost":null,"booking_resources":null,"_links":{"self":[{"href":"https:\/\/bodegasvirei.com\/de\/wp-json\/wp\/v2\/product\/81411","targetHints":{"allow":["GET"]}}],"collection":[{"href":"https:\/\/bodegasvirei.com\/de\/wp-json\/wp\/v2\/product"}],"about":[{"href":"https:\/\/bodegasvirei.com\/de\/wp-json\/wp\/v2\/types\/product"}],"version-history":[{"count":0,"href":"https:\/\/bodegasvirei.com\/de\/wp-json\/wp\/v2\/product\/81411\/revisions"}],"wp:featuredmedia":[{"embeddable":true,"href":"https:\/\/bodegasvirei.com\/de\/wp-json\/wp\/v2\/media\/81377"}],"wp:attachment":[{"href":"https:\/\/bodegasvirei.com\/de\/wp-json\/wp\/v2\/media?parent=81411"}],"wp:term":[{"taxonomy":"product_brand","embeddable":true,"href":"https:\/\/bodegasvirei.com\/de\/wp-json\/wp\/v2\/product_brand?post=81411"},{"taxonomy":"product_cat","embeddable":true,"href":"https:\/\/bodegasvirei.com\/de\/wp-json\/wp\/v2\/product_cat?post=81411"},{"taxonomy":"product_tag","embeddable":true,"href":"https:\/\/bodegasvirei.com\/de\/wp-json\/wp\/v2\/product_tag?post=81411"},{"taxonomy":"variedad-de-uva","embeddable":true,"href":"https:\/\/bodegasvirei.com\/de\/wp-json\/wp\/v2\/variedad-de-uva?post=81411"}],"curies":[{"name":"wp","href":"https:\/\/api.w.org\/{rel}","templated":true}]}}