{"id":81404,"date":"2025-06-10T18:35:42","date_gmt":"2025-06-10T16:35:42","guid":{"rendered":"https:\/\/bodegasvirei.com\/tienda\/unkategorisiert\/cala-pi-weiss-2023\/"},"modified":"2025-09-18T13:06:34","modified_gmt":"2025-09-18T11:06:34","slug":"cala-pi-weiss-2024","status":"publish","type":"product","link":"https:\/\/bodegasvirei.com\/de\/tienda\/wein\/cala-pi-weiss-2024\/","title":{"rendered":"CALA PI WEISS 2024"},"content":{"rendered":"<h3>Ausarbeitung<\/h3>\n<p>Ende August geerntet, wenn die Traube richtig gut gereift ist.<\/p>\n<p>G\u00e4rung in Edelstahltanks bei kontrollierter Temperatur. Ein wenig gereift auf die eigene Maische vor der Abf\u00fcllung.<\/p>\n<p>Trinktemperatur 8-10\u00baC.<\/p>\n<p><strong>Auge<\/strong>: Blasse Goldfarbe. Ein sauberer und heller Wein.<\/p>\n<p><strong>Nase:<\/strong> Ein sehr aromatischer Wein mit prim\u00e4ren Aromen von Fr\u00fcchten wie z.B (Melone, Zitrone, Aprikose) und auch blumig wie (Apfelbl\u00fcte). Es hat sekund\u00e4re Milcharomen (Hefe). All dies wird begleitet von einem Aroma mit mineralischem Hintergrund, charakteristisch in unsere Finca \u201eSa Bassa Plana\u201c, durch seine N\u00e4he zum Meer.<\/p>\n<p><strong>Mund<\/strong>: Frischer und s\u00fc\u00dfer Angriff, mit gut integrierter S\u00e4ure, die zu einem wunderbaren und angenehmer Weg sich durch den Gaumen mach<\/p>\n","protected":false},"excerpt":{"rendered":"<p>Ausarbeitung Ende August geerntet, wenn die Traube richtig gut gereift ist. G\u00e4rung in Edelstahltanks bei kontrollierter Temperatur. Ein wenig gereift auf die eigene Maische vor der Abf\u00fcllung. Trinktemperatur 8-10\u00baC. Auge: Blasse Goldfarbe. Ein sauberer und heller Wein. Nase: Ein sehr aromatischer Wein mit prim\u00e4ren Aromen von Fr\u00fcchten wie z.B (Melone, Zitrone, Aprikose) und auch blumig &#8230; <a title=\"CALA PI WEISS 2024\" class=\"read-more\" href=\"https:\/\/bodegasvirei.com\/de\/tienda\/wein\/cala-pi-weiss-2024\/\" aria-label=\"Read more about CALA PI WEISS 2024\">Read more<\/a><\/p>\n","protected":false},"featured_media":81423,"template":"","meta":{"iawp_total_views":22},"product_brand":[],"product_cat":[400],"product_tag":[415],"variedad-de-uva":[414,416,417,429],"class_list":{"0":"post-81404","1":"product","2":"type-product","3":"status-publish","4":"has-post-thumbnail","6":"product_cat-wein","7":"product_tag-weiss","8":"variedad-de-uva-chardonnay-de","9":"variedad-de-uva-giro-ros-de","10":"variedad-de-uva-malvasia-de","11":"variedad-de-uva-souvignon-blanc-de","13":"first","14":"instock","15":"taxable","16":"shipping-taxable","17":"purchasable","18":"product-type-simple"},"booking_location":null,"booking_location_type":null,"booking_duration":null,"booking_duration_unit":null,"booking_buffer":null,"booking_cost":null,"booking_resources":null,"_links":{"self":[{"href":"https:\/\/bodegasvirei.com\/de\/wp-json\/wp\/v2\/product\/81404","targetHints":{"allow":["GET"]}}],"collection":[{"href":"https:\/\/bodegasvirei.com\/de\/wp-json\/wp\/v2\/product"}],"about":[{"href":"https:\/\/bodegasvirei.com\/de\/wp-json\/wp\/v2\/types\/product"}],"version-history":[{"count":0,"href":"https:\/\/bodegasvirei.com\/de\/wp-json\/wp\/v2\/product\/81404\/revisions"}],"wp:featuredmedia":[{"embeddable":true,"href":"https:\/\/bodegasvirei.com\/de\/wp-json\/wp\/v2\/media\/81423"}],"wp:attachment":[{"href":"https:\/\/bodegasvirei.com\/de\/wp-json\/wp\/v2\/media?parent=81404"}],"wp:term":[{"taxonomy":"product_brand","embeddable":true,"href":"https:\/\/bodegasvirei.com\/de\/wp-json\/wp\/v2\/product_brand?post=81404"},{"taxonomy":"product_cat","embeddable":true,"href":"https:\/\/bodegasvirei.com\/de\/wp-json\/wp\/v2\/product_cat?post=81404"},{"taxonomy":"product_tag","embeddable":true,"href":"https:\/\/bodegasvirei.com\/de\/wp-json\/wp\/v2\/product_tag?post=81404"},{"taxonomy":"variedad-de-uva","embeddable":true,"href":"https:\/\/bodegasvirei.com\/de\/wp-json\/wp\/v2\/variedad-de-uva?post=81404"}],"curies":[{"name":"wp","href":"https:\/\/api.w.org\/{rel}","templated":true}]}}