{"id":74719,"date":"2024-12-30T13:56:33","date_gmt":"2024-12-30T12:56:33","guid":{"rendered":"https:\/\/bodegasvirei.com\/tienda\/unkategorisiert\/vi-rei-reserva-2020\/"},"modified":"2025-09-18T13:06:31","modified_gmt":"2025-09-18T11:06:31","slug":"vi-rei-reserva-2020","status":"publish","type":"product","link":"https:\/\/bodegasvirei.com\/de\/tienda\/wein\/vi-rei-reserva-2020\/","title":{"rendered":"VI REI RESERVA 2020"},"content":{"rendered":"<p><span lang=\"DE\">24 Monate in franz\u00f6sischen Eichenf\u00e4ssern.<u><\/u><u><\/u><\/span><\/p>\n<p><strong><b><span lang=\"DE\">Serviertemperatur<\/span><\/b><\/strong>\u00a016 \u2013 18\u00baC.<\/p>\n<p><b><span lang=\"DE\">Verkostungsnotizen<\/span>: <\/b>Kirschrote Farbe. Intensive Aromen von reifen schwarzen und roten Fr\u00fcchten, Marmelade, mit einem vom Holz stammenden Aroma. Am Gaumen lang und geschliffen, mit einem herrlichen S\u00e4ureniveau, frisch, intensiv, guter S\u00e4ure, reifem Tannin und integriertem Alkohol.<\/p>\n<p><b>Passt zu: R<\/b>otem Fleisch, Schinken, gereiftem K\u00e4se, Eint\u00f6pfen.<\/p>\n","protected":false},"excerpt":{"rendered":"<p>24 Monate in franz\u00f6sischen Eichenf\u00e4ssern. Serviertemperatur\u00a016 \u2013 18\u00baC. Verkostungsnotizen: Kirschrote Farbe. Intensive Aromen von reifen schwarzen und roten Fr\u00fcchten, Marmelade, mit einem vom Holz stammenden Aroma. Am Gaumen lang und geschliffen, mit einem herrlichen S\u00e4ureniveau, frisch, intensiv, guter S\u00e4ure, reifem Tannin und integriertem Alkohol. Passt zu: Rotem Fleisch, Schinken, gereiftem K\u00e4se, Eint\u00f6pfen.<\/p>\n","protected":false},"featured_media":74711,"template":"","meta":{"iawp_total_views":22},"product_brand":[],"product_cat":[400],"product_tag":[],"variedad-de-uva":[696,408,402,435,404],"class_list":{"0":"post-74719","1":"product","2":"type-product","3":"status-publish","4":"has-post-thumbnail","6":"product_cat-wein","7":"variedad-de-uva-cabernet-de","8":"variedad-de-uva-callet-de","9":"variedad-de-uva-manto-negro-de","10":"variedad-de-uva-merlot-de","11":"variedad-de-uva-syrah-de","13":"first","14":"instock","15":"taxable","16":"shipping-taxable","17":"purchasable","18":"product-type-simple"},"booking_location":null,"booking_location_type":null,"booking_duration":null,"booking_duration_unit":null,"booking_buffer":null,"booking_cost":null,"booking_resources":null,"_links":{"self":[{"href":"https:\/\/bodegasvirei.com\/de\/wp-json\/wp\/v2\/product\/74719","targetHints":{"allow":["GET"]}}],"collection":[{"href":"https:\/\/bodegasvirei.com\/de\/wp-json\/wp\/v2\/product"}],"about":[{"href":"https:\/\/bodegasvirei.com\/de\/wp-json\/wp\/v2\/types\/product"}],"version-history":[{"count":0,"href":"https:\/\/bodegasvirei.com\/de\/wp-json\/wp\/v2\/product\/74719\/revisions"}],"wp:featuredmedia":[{"embeddable":true,"href":"https:\/\/bodegasvirei.com\/de\/wp-json\/wp\/v2\/media\/74711"}],"wp:attachment":[{"href":"https:\/\/bodegasvirei.com\/de\/wp-json\/wp\/v2\/media?parent=74719"}],"wp:term":[{"taxonomy":"product_brand","embeddable":true,"href":"https:\/\/bodegasvirei.com\/de\/wp-json\/wp\/v2\/product_brand?post=74719"},{"taxonomy":"product_cat","embeddable":true,"href":"https:\/\/bodegasvirei.com\/de\/wp-json\/wp\/v2\/product_cat?post=74719"},{"taxonomy":"product_tag","embeddable":true,"href":"https:\/\/bodegasvirei.com\/de\/wp-json\/wp\/v2\/product_tag?post=74719"},{"taxonomy":"variedad-de-uva","embeddable":true,"href":"https:\/\/bodegasvirei.com\/de\/wp-json\/wp\/v2\/variedad-de-uva?post=74719"}],"curies":[{"name":"wp","href":"https:\/\/api.w.org\/{rel}","templated":true}]}}