{"id":73384,"date":"2024-11-06T09:54:52","date_gmt":"2024-11-06T08:54:52","guid":{"rendered":"https:\/\/bodegasvirei.com\/tienda\/unkategorisiert\/anpassbare-geschenkkarte\/"},"modified":"2024-11-13T12:10:19","modified_gmt":"2024-11-13T11:10:19","slug":"anpassbare-geschenkkarte","status":"publish","type":"product","link":"https:\/\/bodegasvirei.com\/de\/tienda\/geschenkkarte\/free-price-de\/anpassbare-geschenkkarte\/","title":{"rendered":"Anpassbare Geschenkkarte."},"content":{"rendered":"<p>Schenken Sie ein einzigartiges Erlebnis mit unseren anpassbaren Geschenkkarten<\/p>\n<p>\u00dcberraschen Sie jeden, den Sie m\u00f6chten, mit einer Geschenkkarte, die bei jeder unserer Veranstaltungen, im Online-Shop oder auf dem Weingut verwendet werden kann.<\/p>\n<p>Sie entscheiden \u00fcber den Betrag oder die Aktivit\u00e4t und sie erhalten einen exklusiven Rabatt auf alles, was wir anbieten.<\/p>\n<p>W\u00e4hlen Sie den Wert und lassen Sie sie ein unvergessliches Erlebnis in den WEING\u00dcTERN von VI-REI erleben!<\/p>\n","protected":false},"excerpt":{"rendered":"<p>Schenken Sie ein einzigartiges Erlebnis mit unseren anpassbaren Geschenkkarten \u00dcberraschen Sie jeden, den Sie m\u00f6chten, mit einer Geschenkkarte, die bei jeder unserer Veranstaltungen, im Online-Shop oder auf dem Weingut verwendet werden kann. Sie entscheiden \u00fcber den Betrag oder die Aktivit\u00e4t und sie erhalten einen exklusiven Rabatt auf alles, was wir anbieten. W\u00e4hlen Sie den Wert &#8230; <a title=\"Anpassbare Geschenkkarte.\" class=\"read-more\" href=\"https:\/\/bodegasvirei.com\/de\/tienda\/geschenkkarte\/free-price-de\/anpassbare-geschenkkarte\/\" aria-label=\"Read more about Anpassbare Geschenkkarte.\">Read more<\/a><\/p>\n","protected":false},"featured_media":10654,"template":"","meta":{"iawp_total_views":48},"product_brand":[],"product_cat":[705,557],"product_tag":[],"variedad-de-uva":[],"class_list":{"0":"post-73384","1":"product","2":"type-product","3":"status-publish","4":"has-post-thumbnail","6":"product_cat-free-price-de","7":"product_cat-geschenkkarte","9":"first","10":"instock","11":"virtual","12":"taxable","13":"purchasable","14":"product-type-simple"},"booking_location":null,"booking_location_type":null,"booking_duration":null,"booking_duration_unit":null,"booking_buffer":null,"booking_cost":null,"booking_resources":null,"_links":{"self":[{"href":"https:\/\/bodegasvirei.com\/de\/wp-json\/wp\/v2\/product\/73384","targetHints":{"allow":["GET"]}}],"collection":[{"href":"https:\/\/bodegasvirei.com\/de\/wp-json\/wp\/v2\/product"}],"about":[{"href":"https:\/\/bodegasvirei.com\/de\/wp-json\/wp\/v2\/types\/product"}],"version-history":[{"count":0,"href":"https:\/\/bodegasvirei.com\/de\/wp-json\/wp\/v2\/product\/73384\/revisions"}],"wp:featuredmedia":[{"embeddable":true,"href":"https:\/\/bodegasvirei.com\/de\/wp-json\/wp\/v2\/media\/10654"}],"wp:attachment":[{"href":"https:\/\/bodegasvirei.com\/de\/wp-json\/wp\/v2\/media?parent=73384"}],"wp:term":[{"taxonomy":"product_brand","embeddable":true,"href":"https:\/\/bodegasvirei.com\/de\/wp-json\/wp\/v2\/product_brand?post=73384"},{"taxonomy":"product_cat","embeddable":true,"href":"https:\/\/bodegasvirei.com\/de\/wp-json\/wp\/v2\/product_cat?post=73384"},{"taxonomy":"product_tag","embeddable":true,"href":"https:\/\/bodegasvirei.com\/de\/wp-json\/wp\/v2\/product_tag?post=73384"},{"taxonomy":"variedad-de-uva","embeddable":true,"href":"https:\/\/bodegasvirei.com\/de\/wp-json\/wp\/v2\/variedad-de-uva?post=73384"}],"curies":[{"name":"wp","href":"https:\/\/api.w.org\/{rel}","templated":true}]}}