{"id":53132,"date":"2023-07-31T21:27:36","date_gmt":"2023-07-31T19:27:36","guid":{"rendered":"https:\/\/bodegasvirei.com\/tienda\/unkategorisiert\/es-gall-blanco\/"},"modified":"2025-09-18T13:06:34","modified_gmt":"2025-09-18T11:06:34","slug":"es-gall-blanco","status":"publish","type":"product","link":"https:\/\/bodegasvirei.com\/de\/tienda\/wein\/es-gall-blanco\/","title":{"rendered":"ES GALL BLANCO 2024"},"content":{"rendered":"<p>Serviertemperatur: 6-8C\u00ba.<\/p>\n<p><strong>Verkostungsnotizen:<\/strong><br \/>Intensive gelbe farbe, mit aromen von kompott von birne, honig, rosinen, mango, mit einem Hauch Apfel Gr\u00fcn. Frisch am Gaumen mit langem Abgang.<\/p>\n<p><strong>Passt zu:<\/strong> Pasta, Meeresfr\u00fcchte, wei\u00dfes Fleisch, K\u00e4se.<\/p>\n<div id=\"gtx-trans\" style=\"position: absolute; left: 75px; top: 166px;\" data-mce-style=\"position: absolute; left: 75px; top: 166px;\">\n<div class=\"gtx-trans-icon\"><\/div>\n<\/div>\n","protected":false},"excerpt":{"rendered":"<p><br data-mce-bogus=\"1\"><\/p>\n","protected":false},"featured_media":53110,"template":"","meta":{"iawp_total_views":13},"product_brand":[],"product_cat":[400],"product_tag":[415],"variedad-de-uva":[414,416,417,436,695,429],"class_list":{"0":"post-53132","1":"product","2":"type-product","3":"status-publish","4":"has-post-thumbnail","6":"product_cat-wein","7":"product_tag-weiss","8":"variedad-de-uva-chardonnay-de","9":"variedad-de-uva-giro-ros-de","10":"variedad-de-uva-malvasia-de","11":"variedad-de-uva-prensal-blanc-de","12":"variedad-de-uva-sauvignon-barrica-de","13":"variedad-de-uva-souvignon-blanc-de","15":"first","16":"instock","17":"sale","18":"taxable","19":"shipping-taxable","20":"purchasable","21":"product-type-simple"},"booking_location":null,"booking_location_type":null,"booking_duration":null,"booking_duration_unit":null,"booking_buffer":null,"booking_cost":null,"booking_resources":null,"_links":{"self":[{"href":"https:\/\/bodegasvirei.com\/de\/wp-json\/wp\/v2\/product\/53132","targetHints":{"allow":["GET"]}}],"collection":[{"href":"https:\/\/bodegasvirei.com\/de\/wp-json\/wp\/v2\/product"}],"about":[{"href":"https:\/\/bodegasvirei.com\/de\/wp-json\/wp\/v2\/types\/product"}],"version-history":[{"count":0,"href":"https:\/\/bodegasvirei.com\/de\/wp-json\/wp\/v2\/product\/53132\/revisions"}],"wp:featuredmedia":[{"embeddable":true,"href":"https:\/\/bodegasvirei.com\/de\/wp-json\/wp\/v2\/media\/53110"}],"wp:attachment":[{"href":"https:\/\/bodegasvirei.com\/de\/wp-json\/wp\/v2\/media?parent=53132"}],"wp:term":[{"taxonomy":"product_brand","embeddable":true,"href":"https:\/\/bodegasvirei.com\/de\/wp-json\/wp\/v2\/product_brand?post=53132"},{"taxonomy":"product_cat","embeddable":true,"href":"https:\/\/bodegasvirei.com\/de\/wp-json\/wp\/v2\/product_cat?post=53132"},{"taxonomy":"product_tag","embeddable":true,"href":"https:\/\/bodegasvirei.com\/de\/wp-json\/wp\/v2\/product_tag?post=53132"},{"taxonomy":"variedad-de-uva","embeddable":true,"href":"https:\/\/bodegasvirei.com\/de\/wp-json\/wp\/v2\/variedad-de-uva?post=53132"}],"curies":[{"name":"wp","href":"https:\/\/api.w.org\/{rel}","templated":true}]}}