{"id":44616,"date":"2023-03-21T20:56:21","date_gmt":"2023-03-21T19:56:21","guid":{"rendered":"https:\/\/bodegasvirei.com\/tienda\/unkategorisiert\/brot-und-wein\/"},"modified":"2025-09-18T13:16:28","modified_gmt":"2025-09-18T11:16:28","slug":"brot-und-wein","status":"publish","type":"product","link":"https:\/\/bodegasvirei.com\/de\/tienda\/weinprobe\/brot-und-wein\/","title":{"rendered":"BROT UND WEIN"},"content":{"rendered":"<h3>Wir bieten Brot- und Weinverkostung<\/h3>\n<p>Wein kann mit fast jedem Essen kombiniert werden, aber es gibt einige Lebensmittel, die besonders gut zu Wein passen und Brot ist eines davon.<\/p>\n<ul>\n<li><strong>5 Weinsorten<\/strong><\/li>\n<li><strong>Tintenfisch-Brot<\/strong><\/li>\n<li><strong>Currybrot<\/strong><\/li>\n<li><strong>Pesto-Brot<\/strong><\/li>\n<li><strong>Tomatenbrot<\/strong><\/li>\n<li><strong>Coca-Brot<\/strong><\/li>\n<li><strong>Sobrassada<\/strong><\/li>\n<li><strong>Oliven<\/strong><\/li>\n<li><strong>Vi Rei Oliven\u00f6l<\/strong><\/li>\n<li><strong>Olivenpastete.<\/strong><\/li>\n<\/ul>\n<p><strong>Weine zur Auswahl.  <\/strong><br \/>\n<em>die ganze Gruppe sollte die gleichen Weine trinken<\/em><\/p>\n<p><strong>Preis pro Person: 25\u20ac.<\/strong><\/p>\n<h2>Mit Brot und Wein gehen wir den Weg!<\/h2>\n<p>&nbsp;<\/p>\n<p><em>** Erm\u00e4\u00dfigte Angebote unterliegen nicht der \u00c4nderung des Datums durch den Kunden.<\/em><\/p>\n","protected":false},"excerpt":{"rendered":"<p>Wir bieten Brot- und Weinverkostung Wein kann mit fast jedem Essen kombiniert werden, aber es gibt einige Lebensmittel, die besonders gut zu Wein passen und Brot ist eines davon. 5 Weinsorten Tintenfisch-Brot Currybrot Pesto-Brot Tomatenbrot Coca-Brot Sobrassada Oliven Vi Rei Oliven\u00f6l Olivenpastete. Weine zur Auswahl. die ganze Gruppe sollte die gleichen Weine trinken Preis pro &#8230; <a title=\"BROT UND WEIN\" class=\"read-more\" href=\"https:\/\/bodegasvirei.com\/de\/tienda\/weinprobe\/brot-und-wein\/\" aria-label=\"Read more about BROT UND WEIN\">Read more<\/a><\/p>\n","protected":false},"featured_media":44604,"template":"","meta":{"iawp_total_views":59},"product_brand":[],"product_cat":[676],"product_tag":[],"variedad-de-uva":[],"class_list":{"0":"post-44616","1":"product","2":"type-product","3":"status-publish","4":"has-post-thumbnail","6":"product_cat-weinprobe","8":"first","9":"instock","10":"virtual","11":"sold-individually","12":"taxable","13":"purchasable","14":"product-type-booking"},"booking_location":"","booking_location_type":"","booking_duration":1,"booking_duration_unit":"day","booking_buffer":0,"booking_cost":0,"booking_resources":[],"_links":{"self":[{"href":"https:\/\/bodegasvirei.com\/de\/wp-json\/wp\/v2\/product\/44616","targetHints":{"allow":["GET"]}}],"collection":[{"href":"https:\/\/bodegasvirei.com\/de\/wp-json\/wp\/v2\/product"}],"about":[{"href":"https:\/\/bodegasvirei.com\/de\/wp-json\/wp\/v2\/types\/product"}],"version-history":[{"count":0,"href":"https:\/\/bodegasvirei.com\/de\/wp-json\/wp\/v2\/product\/44616\/revisions"}],"wp:featuredmedia":[{"embeddable":true,"href":"https:\/\/bodegasvirei.com\/de\/wp-json\/wp\/v2\/media\/44604"}],"wp:attachment":[{"href":"https:\/\/bodegasvirei.com\/de\/wp-json\/wp\/v2\/media?parent=44616"}],"wp:term":[{"taxonomy":"product_brand","embeddable":true,"href":"https:\/\/bodegasvirei.com\/de\/wp-json\/wp\/v2\/product_brand?post=44616"},{"taxonomy":"product_cat","embeddable":true,"href":"https:\/\/bodegasvirei.com\/de\/wp-json\/wp\/v2\/product_cat?post=44616"},{"taxonomy":"product_tag","embeddable":true,"href":"https:\/\/bodegasvirei.com\/de\/wp-json\/wp\/v2\/product_tag?post=44616"},{"taxonomy":"variedad-de-uva","embeddable":true,"href":"https:\/\/bodegasvirei.com\/de\/wp-json\/wp\/v2\/variedad-de-uva?post=44616"}],"curies":[{"name":"wp","href":"https:\/\/api.w.org\/{rel}","templated":true}]}}