{"id":40748,"date":"2023-01-25T12:04:47","date_gmt":"2023-01-25T11:04:47","guid":{"rendered":"https:\/\/bodegasvirei.com\/tienda\/unkategorisiert\/chocowine\/"},"modified":"2024-08-14T14:23:03","modified_gmt":"2024-08-14T12:23:03","slug":"chocowine","status":"publish","type":"product","link":"https:\/\/bodegasvirei.com\/de\/tienda\/weinprobe\/chocowine\/","title":{"rendered":"CHOCOWINE"},"content":{"rendered":"<h3>Verkostung f\u00fcr Schokoladen- und Weinliebhaber.<\/h3>\n<p>&nbsp;<\/p>\n<p>Wir sind st\u00e4ndig auf der Suche nach neuen Kombinationen f\u00fcr unsere Weine. Wenn Sie Schokolade und Wein lieben, ist diese Verkostung ideal f\u00fcr Sie!<\/p>\n<p>Bei dieser Verkostung werden Sie f\u00fcnf verschiedene Weine und f\u00fcnf verschiedene Schokoladensorten unterschiedlicher Herkunft probieren.<\/p>\n<p><strong>Einschlie\u00dflich<\/strong><\/p>\n<ul>\n<li>5 Weine<\/li>\n<li>5 Pralinen<\/li>\n<li>den Mund mit Brot oder Keksen und Wasser zu reinigen.<\/li>\n<\/ul>\n<p><em>Es gibt kein Essen, au\u00dfer der Schokolade.<\/em><\/p>\n<p><strong>Preis pro Paar 40\u20ac\u00a0 <\/strong><em>(Diese Aktivit\u00e4t gilt pro Paar)<\/em><\/p>\n<div id=\"gtx-trans\" style=\"position: absolute; left: 265px; top: -5.78125px;\">\n<div class=\"gtx-trans-icon\"><\/div>\n<\/div>\n","protected":false},"excerpt":{"rendered":"<h3>Verkostung f\u00fcr Schokoladen- und Weinliebhaber.<\/h3>\n<div id=\"gtx-trans\" style=\"position: absolute; left: 158px; top: 62px;\">\n<div class=\"gtx-trans-icon\"><\/div>\n<\/div>\n","protected":false},"featured_media":40737,"template":"","meta":{"iawp_total_views":19},"product_brand":[],"product_cat":[676],"product_tag":[],"variedad-de-uva":[],"class_list":{"0":"post-40748","1":"product","2":"type-product","3":"status-publish","4":"has-post-thumbnail","6":"product_cat-weinprobe","8":"first","9":"instock","10":"virtual","11":"sold-individually","12":"taxable","13":"purchasable","14":"product-type-booking"},"booking_location":"","booking_location_type":"","booking_duration":1,"booking_duration_unit":"day","booking_buffer":0,"booking_cost":0,"booking_resources":[],"_links":{"self":[{"href":"https:\/\/bodegasvirei.com\/de\/wp-json\/wp\/v2\/product\/40748","targetHints":{"allow":["GET"]}}],"collection":[{"href":"https:\/\/bodegasvirei.com\/de\/wp-json\/wp\/v2\/product"}],"about":[{"href":"https:\/\/bodegasvirei.com\/de\/wp-json\/wp\/v2\/types\/product"}],"version-history":[{"count":0,"href":"https:\/\/bodegasvirei.com\/de\/wp-json\/wp\/v2\/product\/40748\/revisions"}],"wp:featuredmedia":[{"embeddable":true,"href":"https:\/\/bodegasvirei.com\/de\/wp-json\/wp\/v2\/media\/40737"}],"wp:attachment":[{"href":"https:\/\/bodegasvirei.com\/de\/wp-json\/wp\/v2\/media?parent=40748"}],"wp:term":[{"taxonomy":"product_brand","embeddable":true,"href":"https:\/\/bodegasvirei.com\/de\/wp-json\/wp\/v2\/product_brand?post=40748"},{"taxonomy":"product_cat","embeddable":true,"href":"https:\/\/bodegasvirei.com\/de\/wp-json\/wp\/v2\/product_cat?post=40748"},{"taxonomy":"product_tag","embeddable":true,"href":"https:\/\/bodegasvirei.com\/de\/wp-json\/wp\/v2\/product_tag?post=40748"},{"taxonomy":"variedad-de-uva","embeddable":true,"href":"https:\/\/bodegasvirei.com\/de\/wp-json\/wp\/v2\/variedad-de-uva?post=40748"}],"curies":[{"name":"wp","href":"https:\/\/api.w.org\/{rel}","templated":true}]}}