{"id":40090,"date":"2022-01-17T09:10:59","date_gmt":"2022-01-17T08:10:59","guid":{"rendered":"https:\/\/bodegasvirei.com\/?post_type=product&#038;p=40090"},"modified":"2026-02-19T17:56:41","modified_gmt":"2026-02-19T16:56:41","slug":"premium-verkostung","status":"publish","type":"product","link":"https:\/\/bodegasvirei.com\/de\/tienda\/weinprobe\/premium-verkostung\/","title":{"rendered":"Premium Verkostung"},"content":{"rendered":"<p>Lassen Sie sich von einem besonderen Erlebnis bei Bodegas Vi Rei \u00fcberraschen.<\/p>\n<p>Bei Bodegas Vi Rei bieten wir verschiedene Erlebnisse an, eines davon ist unsere &#8220;Premium-Verkostung&#8221;.<\/p>\n<p>Das Erlebnis beginnt mit einer gef\u00fchrten Tour durch den Weinberg und das Anbaugebiet. Danach genie\u00dfen Sie unseren Wein, begleitet von unseren besten Produkten wie der typisch mallorquinischen Coca von au\u00dfergew\u00f6hnlicher Qualit\u00e4t. Danach k\u00f6nnen Sie ein Hauptgericht genie\u00dfen, z.B. Paella oder Lechona (Spanferkel). Zum Abschluss bieten wir Ihnen ein k\u00f6stliches Dessert mit Kaffee oder Tee.   <\/p>\n<p><strong>Preis pro Person: 60\u20ac.  <\/strong><\/p>\n<p>Mindestens 20 Personen.<\/p>\n<h5><strong><em>Bitte geben Sie bei Ihren Anmerkungen an, ob Sie Paella oder Spanferkel w\u00fcnschen. Vielen Dank!<\/em><\/strong><\/h5>\n","protected":false},"excerpt":{"rendered":"<p>Lassen Sie sich von einem besonderen Erlebnis bei Bodegas Vi Rei \u00fcberraschen.<\/p>\n<p>Bei Bodegas Vi Rei bieten wir verschiedene Erlebnisse an, eines davon ist unsere &#8220;Premium Verkostung&#8221;.<\/p>\n<p>Unter vorheriger Reservierung.<\/p>\n<p>&nbsp;<\/p>\n<p style=\"font-weight: 400;\">\n","protected":false},"featured_media":412,"template":"","meta":{"iawp_total_views":10},"product_brand":[],"product_cat":[676],"product_tag":[],"variedad-de-uva":[],"class_list":{"0":"post-40090","1":"product","2":"type-product","3":"status-publish","4":"has-post-thumbnail","6":"product_cat-weinprobe","8":"first","9":"instock","10":"virtual","11":"sold-individually","12":"taxable","13":"purchasable","14":"product-type-booking"},"booking_location":"","booking_location_type":"","booking_duration":1,"booking_duration_unit":"day","booking_buffer":0,"booking_cost":0,"booking_resources":[],"_links":{"self":[{"href":"https:\/\/bodegasvirei.com\/de\/wp-json\/wp\/v2\/product\/40090","targetHints":{"allow":["GET"]}}],"collection":[{"href":"https:\/\/bodegasvirei.com\/de\/wp-json\/wp\/v2\/product"}],"about":[{"href":"https:\/\/bodegasvirei.com\/de\/wp-json\/wp\/v2\/types\/product"}],"version-history":[{"count":0,"href":"https:\/\/bodegasvirei.com\/de\/wp-json\/wp\/v2\/product\/40090\/revisions"}],"wp:featuredmedia":[{"embeddable":true,"href":"https:\/\/bodegasvirei.com\/de\/wp-json\/wp\/v2\/media\/412"}],"wp:attachment":[{"href":"https:\/\/bodegasvirei.com\/de\/wp-json\/wp\/v2\/media?parent=40090"}],"wp:term":[{"taxonomy":"product_brand","embeddable":true,"href":"https:\/\/bodegasvirei.com\/de\/wp-json\/wp\/v2\/product_brand?post=40090"},{"taxonomy":"product_cat","embeddable":true,"href":"https:\/\/bodegasvirei.com\/de\/wp-json\/wp\/v2\/product_cat?post=40090"},{"taxonomy":"product_tag","embeddable":true,"href":"https:\/\/bodegasvirei.com\/de\/wp-json\/wp\/v2\/product_tag?post=40090"},{"taxonomy":"variedad-de-uva","embeddable":true,"href":"https:\/\/bodegasvirei.com\/de\/wp-json\/wp\/v2\/variedad-de-uva?post=40090"}],"curies":[{"name":"wp","href":"https:\/\/api.w.org\/{rel}","templated":true}]}}