{"id":39488,"date":"2022-01-12T10:08:20","date_gmt":"2022-01-12T09:08:20","guid":{"rendered":"https:\/\/bodegasvirei.com\/?post_type=product&#038;p=39488"},"modified":"2026-04-24T14:35:12","modified_gmt":"2026-04-24T12:35:12","slug":"gefuehrte-besichtigung-und-verkoestigung","status":"publish","type":"product","link":"https:\/\/bodegasvirei.com\/de\/tienda\/weinprobe\/gefuehrte-besichtigung-und-verkoestigung\/","title":{"rendered":"GEF\u00dcHRTE BESICHTIGUNG UND VERK\u00d6STIGUNG"},"content":{"rendered":"<p>Die F\u00fchrungen und Weinproben bei Bodegas Vi Rei bestehen aus einer Erkl\u00e4rung der Weinkultur Mallorcas und einer Besichtigung des Weinguts. In ihnen erkl\u00e4ren wir den gesamten Prozess vom Anbau der Trauben bis zur Abf\u00fcllung. Immer auf eine unterhaltsame und informative Art und Weise. Die Tour f\u00fchrt durch den G\u00e4rraum, den Fasspark und die Abf\u00fcllmaschinen und endet im Weinverkostungsraum.  <\/p>\n<p><em>*Die Weinverkostung umfasst 5 Weine und eine Auswahl an Vi Rei Delikatessen.<\/em><\/p>\n<p><strong>Ungef\u00e4hre Dauer: 1 Stunde<\/strong><br \/>\n<strong>Preis pro Person: \u20ac 20<\/strong><\/p>\n<p>Der Zeitplan f\u00fcr die gef\u00fchrte Tour ist:<\/p>\n<p>Auf Spanisch: <strong>Mittwoch 12:30h,<\/strong><strong>Freitag 12:30h, Samstag 12:30h, Sonntag 15:30h<\/strong><\/p>\n<p>Auf Deutsch:<strong> Samstag 15:30h <\/strong> <\/p>\n<p>Auf Englisch:<strong> Donnerstag 12:30 Uhr, Sonntag 12:30 Uhr.<\/strong><\/p>\n<p>&nbsp;<\/p>\n<p>Fahrpl\u00e4ne k\u00f6nnen ge\u00e4ndert werden (in diesem Fall werden wir Sie per E-Mail oder WhatsApp benachrichtigen).<\/p>\n<h3>Verkostungen ohne F\u00fchrung<\/h3>\n<p>Verkostungen ohne F\u00fchrung erfordern keine vorherige Reservierung und finden von 10 Uhr bis 18 Uhr statt. Letzter Einlass f\u00fcr die Verkostung ist um 17 Uhr. <\/p>\n<ul>\n<li>Verkostung von 5 jungen Weinen (2 Wei\u00dfweine, 1 Ros\u00e9, 2 Rotweine) <strong>7\u20ac pro Person<\/strong><\/li>\n<li>Fassweinverkostung (2 Wei\u00dfweine, 2 Rotweine) <strong>10\u20ac pro Person)<\/strong><\/li>\n<\/ul>\n<p><strong>Dauer: je nach Kunde<\/strong><br \/>\n<strong><br \/>\n<\/strong><\/p>\n<p><em>** Erm\u00e4\u00dfigte Angebote unterliegen nicht der \u00c4nderung des Datums durch den Kunden.<\/em><\/p>\n","protected":false},"excerpt":{"rendered":"<p>Die F\u00fchrungen und Weinproben bei Bodegas Vi Rei bestehen aus einer Erkl\u00e4rung der Weinkultur Mallorcas und einer Besichtigung des Weinguts.<\/p>\n","protected":false},"featured_media":10761,"template":"","meta":{"iawp_total_views":93},"product_brand":[],"product_cat":[676],"product_tag":[],"variedad-de-uva":[],"class_list":{"0":"post-39488","1":"product","2":"type-product","3":"status-publish","4":"has-post-thumbnail","6":"product_cat-weinprobe","8":"first","9":"instock","10":"virtual","11":"sold-individually","12":"taxable","13":"purchasable","14":"product-type-booking"},"booking_location":"","booking_location_type":"","booking_duration":1,"booking_duration_unit":"hour","booking_buffer":0,"booking_cost":20,"booking_resources":[14414,14415,14413],"_links":{"self":[{"href":"https:\/\/bodegasvirei.com\/de\/wp-json\/wp\/v2\/product\/39488","targetHints":{"allow":["GET"]}}],"collection":[{"href":"https:\/\/bodegasvirei.com\/de\/wp-json\/wp\/v2\/product"}],"about":[{"href":"https:\/\/bodegasvirei.com\/de\/wp-json\/wp\/v2\/types\/product"}],"version-history":[{"count":0,"href":"https:\/\/bodegasvirei.com\/de\/wp-json\/wp\/v2\/product\/39488\/revisions"}],"wp:featuredmedia":[{"embeddable":true,"href":"https:\/\/bodegasvirei.com\/de\/wp-json\/wp\/v2\/media\/10761"}],"wp:attachment":[{"href":"https:\/\/bodegasvirei.com\/de\/wp-json\/wp\/v2\/media?parent=39488"}],"wp:term":[{"taxonomy":"product_brand","embeddable":true,"href":"https:\/\/bodegasvirei.com\/de\/wp-json\/wp\/v2\/product_brand?post=39488"},{"taxonomy":"product_cat","embeddable":true,"href":"https:\/\/bodegasvirei.com\/de\/wp-json\/wp\/v2\/product_cat?post=39488"},{"taxonomy":"product_tag","embeddable":true,"href":"https:\/\/bodegasvirei.com\/de\/wp-json\/wp\/v2\/product_tag?post=39488"},{"taxonomy":"variedad-de-uva","embeddable":true,"href":"https:\/\/bodegasvirei.com\/de\/wp-json\/wp\/v2\/variedad-de-uva?post=39488"}],"curies":[{"name":"wp","href":"https:\/\/api.w.org\/{rel}","templated":true}]}}