{"id":39176,"date":"2022-06-24T15:06:36","date_gmt":"2022-06-24T13:06:36","guid":{"rendered":"https:\/\/bodegasvirei.com\/tienda\/unkategorisiert\/zug-fuhrung-und-verkostung\/"},"modified":"2026-04-13T09:21:31","modified_gmt":"2026-04-13T07:21:31","slug":"trenecito-visita-guiada-y-cata-de-vinos-2","status":"publish","type":"product","link":"https:\/\/bodegasvirei.com\/de\/tienda\/weinprobe\/trenecito-visita-guiada-y-cata-de-vinos-2\/","title":{"rendered":"Kleiner Zug, gef\u00fchrte Tour und Weinverkostung"},"content":{"rendered":"<p>Te damos la bienvenida en el portal de Bodegas Vi Rei y recorremos los vi\u00f1edos mejor cuidados de Baleares en nuestro tren emblem\u00e1tico. Auf dieser Route erhalten Sie Informationen \u00fcber die wichtigsten lokalen und internationalen Rebsorten, und wir erkl\u00e4ren Ihnen den Jahreszyklus der Rebe und ihren Anbau. Danach folgt eine gef\u00fchrte Tour durch den Produktionsbereich. Sie besichtigen den G\u00e4rraum, den Fassraum und den Abf\u00fcllbereich und enden im Weinverkostungsraum*. <\/p>\n<p>Preis pro Person:<b> 25 \u20ac<\/b><br \/>\nKinder von 12 bis 16 Jahren:<b> 10 \u20ac<\/b><br \/>\nKinder bis zu 12 Jahren: <b>Kostenlos<\/b><\/p>\n<p><em><strong>Der Zugfahrplan lautet:<\/strong><\/em><\/p>\n<p>Auf Spanisch: um <strong>12 Uhr<\/strong><br \/>\nAuf Englisch:<strong> um 12 Uhr<\/strong><br \/>\nAuf Deutsch:<strong> um 15 Uhr <\/strong> <\/p>\n<p>Ungef\u00e4hre Dauer: <strong>1,45 h &#8211; 2 h<\/strong><\/p>\n<blockquote>\n<h6><em>*Die Weinverkostungen umfassen 5 Weine.<\/em><\/h6>\n<h6><em>** Sehr geehrte Kunden, die Abfahrt des Zuges erfolgt p\u00fcnktlich nach dem im Buchungskalender angegebenen Fahrplan. Der Fahrer mit dem Reiseleiter wartet nicht mehr als 5 Minuten. Wer nicht p\u00fcnktlich ankommt, verpasst es, kann aber den zweiten Teil des Ausflugs durch die Produktion ohne die M\u00f6glichkeit, eine Belohnung zu beanspruchen, anschlie\u00dfen. Wir raten Ihnen, die Route und das Risiko von Staus zu berechnen.  <\/em><br \/>\n<em>Vielen Dank!<\/em><\/h6>\n<h6><em>*** Fahrpl\u00e4ne k\u00f6nnen ge\u00e4ndert werden (in diesem Fall werden wir Sie per E-Mail oder WhatsApp benachrichtigen).<br \/>\n<\/em><\/h6>\n<\/blockquote>\n<p><em><strong>F\u00fcr Gruppen ab 15 Personen k\u00f6nnen das Datum und die Uhrzeit individuell gestaltet werden.<\/strong><\/em><\/p>\n<p>&nbsp;<\/p>\n<p><em><strong>Verkostungen ohne F\u00fchrung erfordern keine vorherige Reservierung und finden von 10h bis 18h statt.<\/strong><\/em><\/p>\n<ul>\n<li>Letzter Einlass f\u00fcr die Verkostung ist um 17 Uhr.<\/li>\n<li>Verkostung von 5 jungen Weinen (2 Wei\u00dfweine, 1 Ros\u00e9, 2 Rotweine) 7\u20ac pro Person<\/li>\n<li>Fassweinverkostung (2 Wei\u00dfweine, 2 Rotweine) 10\u20ac pro Person)<\/li>\n<\/ul>\n<p>&nbsp;<\/p>\n","protected":false},"excerpt":{"rendered":"<p>Auf dieser Route erhalten Sie Informationen \u00fcber die wichtigsten lokalen und internationalen Rebsorten, und wir erkl\u00e4ren Ihnen den Jahreszyklus der Rebe und ihren Anbau.<\/p>\n","protected":false},"featured_media":14438,"template":"","meta":{"iawp_total_views":3599},"product_brand":[],"product_cat":[676],"product_tag":[],"variedad-de-uva":[],"class_list":{"0":"post-39176","1":"product","2":"type-product","3":"status-publish","4":"has-post-thumbnail","6":"product_cat-weinprobe","8":"first","9":"instock","10":"virtual","11":"sold-individually","12":"taxable","13":"purchasable","14":"product-type-booking"},"booking_location":"","booking_location_type":"","booking_duration":1,"booking_duration_unit":"hour","booking_buffer":0,"booking_cost":0,"booking_resources":[24054,24055,24056],"_links":{"self":[{"href":"https:\/\/bodegasvirei.com\/de\/wp-json\/wp\/v2\/product\/39176","targetHints":{"allow":["GET"]}}],"collection":[{"href":"https:\/\/bodegasvirei.com\/de\/wp-json\/wp\/v2\/product"}],"about":[{"href":"https:\/\/bodegasvirei.com\/de\/wp-json\/wp\/v2\/types\/product"}],"version-history":[{"count":0,"href":"https:\/\/bodegasvirei.com\/de\/wp-json\/wp\/v2\/product\/39176\/revisions"}],"wp:featuredmedia":[{"embeddable":true,"href":"https:\/\/bodegasvirei.com\/de\/wp-json\/wp\/v2\/media\/14438"}],"wp:attachment":[{"href":"https:\/\/bodegasvirei.com\/de\/wp-json\/wp\/v2\/media?parent=39176"}],"wp:term":[{"taxonomy":"product_brand","embeddable":true,"href":"https:\/\/bodegasvirei.com\/de\/wp-json\/wp\/v2\/product_brand?post=39176"},{"taxonomy":"product_cat","embeddable":true,"href":"https:\/\/bodegasvirei.com\/de\/wp-json\/wp\/v2\/product_cat?post=39176"},{"taxonomy":"product_tag","embeddable":true,"href":"https:\/\/bodegasvirei.com\/de\/wp-json\/wp\/v2\/product_tag?post=39176"},{"taxonomy":"variedad-de-uva","embeddable":true,"href":"https:\/\/bodegasvirei.com\/de\/wp-json\/wp\/v2\/variedad-de-uva?post=39176"}],"curies":[{"name":"wp","href":"https:\/\/api.w.org\/{rel}","templated":true}]}}