{"id":34226,"date":"2022-11-02T21:55:05","date_gmt":"2022-11-02T20:55:05","guid":{"rendered":"https:\/\/bodegasvirei.com\/tienda\/unkategorisiert\/vi-rei-sa-marineta-tinto\/"},"modified":"2025-09-18T13:06:33","modified_gmt":"2025-09-18T11:06:33","slug":"vi-rei-sa-marineta-tinto","status":"publish","type":"product","link":"https:\/\/bodegasvirei.com\/de\/tienda\/wein\/vi-rei-sa-marineta-tinto\/","title":{"rendered":"SA MARINETA"},"content":{"rendered":"<p><strong>Serviertemperatur:<\/strong> 14-16C\u00ba.<\/p>\n<p><strong>Verkostungsnotizen:<\/strong><br \/>\nRubinrote Farbe, fruchtige Aromen mit blumigen Ankl\u00e4ngen, aber auch mineralisch und w\u00fcrzig. Frisch im Mund mit einem langen Abgang.<\/p>\n<p><strong>Passt zu<\/strong>: rotem Fleisch, Schinken, gereiftem K\u00e4se, Eint\u00f6pfen<\/p>\n","protected":false},"excerpt":{"rendered":"<p>Serviertemperatur: 14-16C\u00ba. Verkostungsnotizen: Rubinrote Farbe, fruchtige Aromen mit blumigen Ankl\u00e4ngen, aber auch mineralisch und w\u00fcrzig. Frisch im Mund mit einem langen Abgang. Passt zu: rotem Fleisch, Schinken, gereiftem K\u00e4se, Eint\u00f6pfen<\/p>\n","protected":false},"featured_media":34185,"template":"","meta":{"iawp_total_views":18},"product_brand":[],"product_cat":[400],"product_tag":[401],"variedad-de-uva":[408,402,435],"class_list":{"0":"post-34226","1":"product","2":"type-product","3":"status-publish","4":"has-post-thumbnail","6":"product_cat-wein","7":"product_tag-rot","8":"variedad-de-uva-callet-de","9":"variedad-de-uva-manto-negro-de","10":"variedad-de-uva-merlot-de","12":"first","13":"instock","14":"taxable","15":"shipping-taxable","16":"purchasable","17":"product-type-simple"},"booking_location":null,"booking_location_type":null,"booking_duration":null,"booking_duration_unit":null,"booking_buffer":null,"booking_cost":null,"booking_resources":null,"_links":{"self":[{"href":"https:\/\/bodegasvirei.com\/de\/wp-json\/wp\/v2\/product\/34226","targetHints":{"allow":["GET"]}}],"collection":[{"href":"https:\/\/bodegasvirei.com\/de\/wp-json\/wp\/v2\/product"}],"about":[{"href":"https:\/\/bodegasvirei.com\/de\/wp-json\/wp\/v2\/types\/product"}],"version-history":[{"count":0,"href":"https:\/\/bodegasvirei.com\/de\/wp-json\/wp\/v2\/product\/34226\/revisions"}],"wp:featuredmedia":[{"embeddable":true,"href":"https:\/\/bodegasvirei.com\/de\/wp-json\/wp\/v2\/media\/34185"}],"wp:attachment":[{"href":"https:\/\/bodegasvirei.com\/de\/wp-json\/wp\/v2\/media?parent=34226"}],"wp:term":[{"taxonomy":"product_brand","embeddable":true,"href":"https:\/\/bodegasvirei.com\/de\/wp-json\/wp\/v2\/product_brand?post=34226"},{"taxonomy":"product_cat","embeddable":true,"href":"https:\/\/bodegasvirei.com\/de\/wp-json\/wp\/v2\/product_cat?post=34226"},{"taxonomy":"product_tag","embeddable":true,"href":"https:\/\/bodegasvirei.com\/de\/wp-json\/wp\/v2\/product_tag?post=34226"},{"taxonomy":"variedad-de-uva","embeddable":true,"href":"https:\/\/bodegasvirei.com\/de\/wp-json\/wp\/v2\/variedad-de-uva?post=34226"}],"curies":[{"name":"wp","href":"https:\/\/api.w.org\/{rel}","templated":true}]}}