{"id":34225,"date":"2022-11-02T21:50:44","date_gmt":"2022-11-02T20:50:44","guid":{"rendered":"https:\/\/bodegasvirei.com\/tienda\/unkategorisiert\/vi-rei-sa-marineta-rose\/"},"modified":"2025-09-18T13:06:33","modified_gmt":"2025-09-18T11:06:33","slug":"vi-rei-sa-marineta-rose","status":"publish","type":"product","link":"https:\/\/bodegasvirei.com\/de\/tienda\/wein\/vi-rei-sa-marineta-rose\/","title":{"rendered":"SA MARINETA"},"content":{"rendered":"<p><strong>Serviertemperatur:<\/strong> 8-10C\u00ba.<\/p>\n<p><strong>Verkostungsnotizen:<\/strong><br \/>\n<strong>Farbe:<\/strong> Grapefruit, mit Aromen von roten Fr\u00fcchten wie saure Erdbeeren, gr\u00fcne Pflaumen, Veilchen.<br \/>\nFrisch im Mund mit einem langen Abgang.<\/p>\n<p><strong>Passt zu:<\/strong> Meeresfr\u00fcchten, Nudeln, Reisgerichten, K\u00e4se, rotem und wei\u00dfem Fleisch, Desserts.<\/p>\n","protected":false},"excerpt":{"rendered":"<p>Serviertemperatur: 8-10C\u00ba. Verkostungsnotizen: Farbe: Grapefruit, mit Aromen von roten Fr\u00fcchten wie saure Erdbeeren, gr\u00fcne Pflaumen, Veilchen. Frisch im Mund mit einem langen Abgang. Passt zu: Meeresfr\u00fcchten, Nudeln, Reisgerichten, K\u00e4se, rotem und wei\u00dfem Fleisch, Desserts.<\/p>\n","protected":false},"featured_media":34191,"template":"","meta":{"iawp_total_views":15},"product_brand":[],"product_cat":[400],"product_tag":[407],"variedad-de-uva":[408,416,417,402,435,429,404],"class_list":{"0":"post-34225","1":"product","2":"type-product","3":"status-publish","4":"has-post-thumbnail","6":"product_cat-wein","7":"product_tag-rose-de","8":"variedad-de-uva-callet-de","9":"variedad-de-uva-giro-ros-de","10":"variedad-de-uva-malvasia-de","11":"variedad-de-uva-manto-negro-de","12":"variedad-de-uva-merlot-de","13":"variedad-de-uva-souvignon-blanc-de","14":"variedad-de-uva-syrah-de","16":"first","17":"instock","18":"taxable","19":"shipping-taxable","20":"purchasable","21":"product-type-simple"},"booking_location":null,"booking_location_type":null,"booking_duration":null,"booking_duration_unit":null,"booking_buffer":null,"booking_cost":null,"booking_resources":null,"_links":{"self":[{"href":"https:\/\/bodegasvirei.com\/de\/wp-json\/wp\/v2\/product\/34225","targetHints":{"allow":["GET"]}}],"collection":[{"href":"https:\/\/bodegasvirei.com\/de\/wp-json\/wp\/v2\/product"}],"about":[{"href":"https:\/\/bodegasvirei.com\/de\/wp-json\/wp\/v2\/types\/product"}],"version-history":[{"count":0,"href":"https:\/\/bodegasvirei.com\/de\/wp-json\/wp\/v2\/product\/34225\/revisions"}],"wp:featuredmedia":[{"embeddable":true,"href":"https:\/\/bodegasvirei.com\/de\/wp-json\/wp\/v2\/media\/34191"}],"wp:attachment":[{"href":"https:\/\/bodegasvirei.com\/de\/wp-json\/wp\/v2\/media?parent=34225"}],"wp:term":[{"taxonomy":"product_brand","embeddable":true,"href":"https:\/\/bodegasvirei.com\/de\/wp-json\/wp\/v2\/product_brand?post=34225"},{"taxonomy":"product_cat","embeddable":true,"href":"https:\/\/bodegasvirei.com\/de\/wp-json\/wp\/v2\/product_cat?post=34225"},{"taxonomy":"product_tag","embeddable":true,"href":"https:\/\/bodegasvirei.com\/de\/wp-json\/wp\/v2\/product_tag?post=34225"},{"taxonomy":"variedad-de-uva","embeddable":true,"href":"https:\/\/bodegasvirei.com\/de\/wp-json\/wp\/v2\/variedad-de-uva?post=34225"}],"curies":[{"name":"wp","href":"https:\/\/api.w.org\/{rel}","templated":true}]}}