{"id":33867,"date":"2022-10-17T11:58:16","date_gmt":"2022-10-17T09:58:16","guid":{"rendered":"https:\/\/bodegasvirei.com\/?post_type=product&#038;p=33867"},"modified":"2025-09-01T16:59:40","modified_gmt":"2025-09-01T14:59:40","slug":"autoktanische-verkostung","status":"publish","type":"product","link":"https:\/\/bodegasvirei.com\/de\/tienda\/weinprobe\/autoktanische-verkostung\/","title":{"rendered":"AUTOCHTHONE VERKOSTUNG"},"content":{"rendered":"<h3>Dies ist die perfekte Aktivit\u00e4t f\u00fcr Liebhaber von lokalen Produkten.<\/h3>\n<h4><strong>Kommen Sie und probieren Sie die Weine aus 100% autochthonen Sorten, begleitet von der lokalen Gastronomie.<\/strong><\/h4>\n<ul>\n<li><strong>Die Verkostung beinhaltet die Verkostung von 4 Wei\u00dfweinen<\/strong>\n<ul>\n<li>Prensal Blanc 100%<\/li>\n<li>Malvas\u00eda 100% Malvasier<\/li>\n<li>Giro Ros 100%<\/li>\n<li>Pescador Mallorqu\u00edn ( Prensal Blanc y Giro Ros)<\/li>\n<\/ul>\n<\/li>\n<li><strong>Und ein Rotwein<\/strong>\n<ul>\n<li>Ca\u00e7ador Mallorqu\u00edn (Manto Negro y Callet)<\/li>\n<\/ul>\n<\/li>\n<li><strong>Empanada mallorquina \/ Mallorquinische Teigtaschen <\/strong><\/li>\n<li><strong>Cocarroi \/ Villt Gem\u00fcsekuchen<\/strong><\/li>\n<li><strong>Coca de tramp\u00f3 \/ Sind auch Teigtaschen<\/strong><\/li>\n<\/ul>\n<h2><\/h2>\n<h2><\/h2>\n<h2>35\u20ac pro Person<\/h2>\n<h5><em>Nach vorheriger Reservierung \/ Mindestens 2 Personen<\/em><\/h5>\n<p>&nbsp;<\/p>\n<p style=\"font-weight: 400;\">* Aktivit\u00e4t verf\u00fcgbar von 12h bis 17h .<\/p>\n<p style=\"font-weight: 400;\">Bitte geben Sie in den Kommentaren die ungef\u00e4hre Zeit Ihres Besuchs an, vielen Dank!<\/p>\n","protected":false},"excerpt":{"rendered":"<p>Dies ist die perfekte Aktivit\u00e4t f\u00fcr Liebhaber von lokalen Produkten. Kommen Sie und probieren Sie die Weine aus 100% autochthonen Sorten, begleitet von der lokalen Gastronomie. Die Verkostung beinhaltet die Verkostung von 4 Wei\u00dfweinen Prensal Blanc 100% Malvas\u00eda 100% Malvasier Giro Ros 100% Pescador Mallorqu\u00edn ( Prensal Blanc y Giro Ros) Und ein Rotwein Ca\u00e7ador &#8230; <a title=\"AUTOCHTHONE VERKOSTUNG\" class=\"read-more\" href=\"https:\/\/bodegasvirei.com\/de\/tienda\/weinprobe\/autoktanische-verkostung\/\" aria-label=\"Read more about AUTOCHTHONE VERKOSTUNG\">Read more<\/a><\/p>\n","protected":false},"featured_media":34681,"template":"","meta":{"iawp_total_views":107},"product_brand":[],"product_cat":[676],"product_tag":[],"variedad-de-uva":[],"class_list":{"0":"post-33867","1":"product","2":"type-product","3":"status-publish","4":"has-post-thumbnail","6":"product_cat-weinprobe","8":"first","9":"instock","10":"virtual","11":"sold-individually","12":"taxable","13":"purchasable","14":"product-type-booking"},"booking_location":"","booking_location_type":"","booking_duration":1,"booking_duration_unit":"day","booking_buffer":0,"booking_cost":0,"booking_resources":[],"_links":{"self":[{"href":"https:\/\/bodegasvirei.com\/de\/wp-json\/wp\/v2\/product\/33867","targetHints":{"allow":["GET"]}}],"collection":[{"href":"https:\/\/bodegasvirei.com\/de\/wp-json\/wp\/v2\/product"}],"about":[{"href":"https:\/\/bodegasvirei.com\/de\/wp-json\/wp\/v2\/types\/product"}],"version-history":[{"count":0,"href":"https:\/\/bodegasvirei.com\/de\/wp-json\/wp\/v2\/product\/33867\/revisions"}],"wp:featuredmedia":[{"embeddable":true,"href":"https:\/\/bodegasvirei.com\/de\/wp-json\/wp\/v2\/media\/34681"}],"wp:attachment":[{"href":"https:\/\/bodegasvirei.com\/de\/wp-json\/wp\/v2\/media?parent=33867"}],"wp:term":[{"taxonomy":"product_brand","embeddable":true,"href":"https:\/\/bodegasvirei.com\/de\/wp-json\/wp\/v2\/product_brand?post=33867"},{"taxonomy":"product_cat","embeddable":true,"href":"https:\/\/bodegasvirei.com\/de\/wp-json\/wp\/v2\/product_cat?post=33867"},{"taxonomy":"product_tag","embeddable":true,"href":"https:\/\/bodegasvirei.com\/de\/wp-json\/wp\/v2\/product_tag?post=33867"},{"taxonomy":"variedad-de-uva","embeddable":true,"href":"https:\/\/bodegasvirei.com\/de\/wp-json\/wp\/v2\/variedad-de-uva?post=33867"}],"curies":[{"name":"wp","href":"https:\/\/api.w.org\/{rel}","templated":true}]}}