{"id":2386,"date":"2019-10-21T09:45:58","date_gmt":"2019-10-21T07:45:58","guid":{"rendered":"https:\/\/bodegasvirei.com\/tienda\/unkategorisiert\/vi-rei-weisswein\/"},"modified":"2025-09-18T13:06:33","modified_gmt":"2025-09-18T11:06:33","slug":"vi-rei-weisswein","status":"publish","type":"product","link":"https:\/\/bodegasvirei.com\/de\/tienda\/wein\/vi-rei-weisswein\/","title":{"rendered":"VI REI WEISS 2024"},"content":{"rendered":"<p><strong>Rebsorte:<\/strong><br \/>\nPrensal Blanc, Chardonnay.<br \/>\n<strong>Alkoholgehalt:<\/strong> 13%.<br \/>\n<strong>PLA I LLEVANT D.O.<\/strong><br \/>\n<strong>Serviertemperatur<\/strong>: 8-10C\u00ba.<br \/>\n<strong>Verkostungsnotizen:<\/strong><br \/>\nBlassgelb, sauber und hell.<br \/>\nEr hat Aromen von Steinobst (Pfirsich, Aprikose), tropischen Fr\u00fcchten (Papaya, Ananas, Banane) und Mandelbl\u00fcten. Im Mund ist er ein frischer Wein mit einer gut integrierten S\u00e4ure und einem Nachgeschmack von Steinobst, mit einer mineralischen Note, die f\u00fcr unsere Weinberge am Mittelmeer charakteristisch ist.<br \/>\nBegleitende Speisen: leichtes Mittag- oder Abendessen wie Nudeln, Reisgerichte oder Fisch. Er passt auch hervorragend zu hellem Fleisch. F\u00fcr den Anfang sehr zu empfehlen.<\/p>\n","protected":false},"excerpt":{"rendered":"<p>Rebsorte: Prensal Blanc, Chardonnay. Alkoholgehalt: 13%. PLA I LLEVANT D.O. Serviertemperatur: 8-10C\u00ba. Verkostungsnotizen: Blassgelb, sauber und hell. Er hat Aromen von Steinobst (Pfirsich, Aprikose), tropischen Fr\u00fcchten (Papaya, Ananas, Banane) und Mandelbl\u00fcten. Im Mund ist er ein frischer Wein mit einer gut integrierten S\u00e4ure und einem Nachgeschmack von Steinobst, mit einer mineralischen Note, die f\u00fcr unsere &#8230; <a title=\"VI REI WEISS 2024\" class=\"read-more\" href=\"https:\/\/bodegasvirei.com\/de\/tienda\/wein\/vi-rei-weisswein\/\" aria-label=\"Read more about VI REI WEISS 2024\">Read more<\/a><\/p>\n","protected":false},"featured_media":10922,"template":"","meta":{"iawp_total_views":13},"product_brand":[],"product_cat":[400],"product_tag":[415],"variedad-de-uva":[414,436],"class_list":{"0":"post-2386","1":"product","2":"type-product","3":"status-publish","4":"has-post-thumbnail","6":"product_cat-wein","7":"product_tag-weiss","8":"variedad-de-uva-chardonnay-de","9":"variedad-de-uva-prensal-blanc-de","11":"first","12":"instock","13":"taxable","14":"shipping-taxable","15":"purchasable","16":"product-type-simple"},"booking_location":null,"booking_location_type":null,"booking_duration":null,"booking_duration_unit":null,"booking_buffer":null,"booking_cost":null,"booking_resources":null,"_links":{"self":[{"href":"https:\/\/bodegasvirei.com\/de\/wp-json\/wp\/v2\/product\/2386","targetHints":{"allow":["GET"]}}],"collection":[{"href":"https:\/\/bodegasvirei.com\/de\/wp-json\/wp\/v2\/product"}],"about":[{"href":"https:\/\/bodegasvirei.com\/de\/wp-json\/wp\/v2\/types\/product"}],"version-history":[{"count":0,"href":"https:\/\/bodegasvirei.com\/de\/wp-json\/wp\/v2\/product\/2386\/revisions"}],"wp:featuredmedia":[{"embeddable":true,"href":"https:\/\/bodegasvirei.com\/de\/wp-json\/wp\/v2\/media\/10922"}],"wp:attachment":[{"href":"https:\/\/bodegasvirei.com\/de\/wp-json\/wp\/v2\/media?parent=2386"}],"wp:term":[{"taxonomy":"product_brand","embeddable":true,"href":"https:\/\/bodegasvirei.com\/de\/wp-json\/wp\/v2\/product_brand?post=2386"},{"taxonomy":"product_cat","embeddable":true,"href":"https:\/\/bodegasvirei.com\/de\/wp-json\/wp\/v2\/product_cat?post=2386"},{"taxonomy":"product_tag","embeddable":true,"href":"https:\/\/bodegasvirei.com\/de\/wp-json\/wp\/v2\/product_tag?post=2386"},{"taxonomy":"variedad-de-uva","embeddable":true,"href":"https:\/\/bodegasvirei.com\/de\/wp-json\/wp\/v2\/variedad-de-uva?post=2386"}],"curies":[{"name":"wp","href":"https:\/\/api.w.org\/{rel}","templated":true}]}}