{"id":2382,"date":"2019-10-28T11:35:18","date_gmt":"2019-10-28T10:35:18","guid":{"rendered":"https:\/\/bodegasvirei.com\/tienda\/unkategorisiert\/vi-rei-rotwein\/"},"modified":"2025-11-03T12:38:30","modified_gmt":"2025-11-03T11:38:30","slug":"vi-rei-tinto","status":"publish","type":"product","link":"https:\/\/bodegasvirei.com\/de\/tienda\/wein\/vi-rei-tinto\/","title":{"rendered":"VI REI TINTO 2024"},"content":{"rendered":"<p>Ausgew\u00e4hlte Trauben wurden in der zweiten Septemberh\u00e4lfte und in den ersten Oktobertagen geerntet.<br \/>\nG\u00e4rung in Edelstahltanks bei kontrollierter Temperatur.<\/p>\n<h3>Verkostungsnotizen<\/h3>\n<p>Serviertemperatur 16-18\u00baC.<\/p>\n<p><strong>Erscheinung:<\/strong> Kirschrot mit ziegelroten Reflexen, tief und leuchtend.<\/p>\n<p><strong>Bouquet: Das Bouquet<\/strong> beginnt mit einer Dominanz von roten Fr\u00fcchten und entwickelt sich zu Menthol, Gew\u00fcrzen und R\u00f6stnoten (Kakao, Butter). Er endet mit einem leichten mineralischen Aroma, das f\u00fcr diesen Weinberg am Meer charakteristisch ist.<\/p>\n<p><strong>Gaumen:<\/strong> Ein seidiger, volumin\u00f6ser Wein mit einer scharfen, aber erfrischenden S\u00e4ure. Er hat einen langen Abgang.<\/p>\n","protected":false},"excerpt":{"rendered":"<p><br data-mce-bogus=\"1\"><\/p>\n","protected":false},"featured_media":1303,"template":"","meta":{"iawp_total_views":25},"product_brand":[],"product_cat":[400],"product_tag":[401],"variedad-de-uva":[403,408,402,435,404],"class_list":{"0":"post-2382","1":"product","2":"type-product","3":"status-publish","4":"has-post-thumbnail","6":"product_cat-wein","7":"product_tag-rot","8":"variedad-de-uva-cabernet-sauvignon-de","9":"variedad-de-uva-callet-de","10":"variedad-de-uva-manto-negro-de","11":"variedad-de-uva-merlot-de","12":"variedad-de-uva-syrah-de","14":"first","15":"instock","16":"taxable","17":"shipping-taxable","18":"purchasable","19":"product-type-simple"},"booking_location":null,"booking_location_type":null,"booking_duration":null,"booking_duration_unit":null,"booking_buffer":null,"booking_cost":null,"booking_resources":null,"_links":{"self":[{"href":"https:\/\/bodegasvirei.com\/de\/wp-json\/wp\/v2\/product\/2382","targetHints":{"allow":["GET"]}}],"collection":[{"href":"https:\/\/bodegasvirei.com\/de\/wp-json\/wp\/v2\/product"}],"about":[{"href":"https:\/\/bodegasvirei.com\/de\/wp-json\/wp\/v2\/types\/product"}],"version-history":[{"count":0,"href":"https:\/\/bodegasvirei.com\/de\/wp-json\/wp\/v2\/product\/2382\/revisions"}],"wp:featuredmedia":[{"embeddable":true,"href":"https:\/\/bodegasvirei.com\/de\/wp-json\/wp\/v2\/media\/1303"}],"wp:attachment":[{"href":"https:\/\/bodegasvirei.com\/de\/wp-json\/wp\/v2\/media?parent=2382"}],"wp:term":[{"taxonomy":"product_brand","embeddable":true,"href":"https:\/\/bodegasvirei.com\/de\/wp-json\/wp\/v2\/product_brand?post=2382"},{"taxonomy":"product_cat","embeddable":true,"href":"https:\/\/bodegasvirei.com\/de\/wp-json\/wp\/v2\/product_cat?post=2382"},{"taxonomy":"product_tag","embeddable":true,"href":"https:\/\/bodegasvirei.com\/de\/wp-json\/wp\/v2\/product_tag?post=2382"},{"taxonomy":"variedad-de-uva","embeddable":true,"href":"https:\/\/bodegasvirei.com\/de\/wp-json\/wp\/v2\/variedad-de-uva?post=2382"}],"curies":[{"name":"wp","href":"https:\/\/api.w.org\/{rel}","templated":true}]}}