{"id":2378,"date":"2019-10-28T12:37:51","date_gmt":"2019-10-28T11:37:51","guid":{"rendered":"https:\/\/bodegasvirei.com\/tienda\/unkategorisiert\/vi-rei-select-weisswein-2017\/"},"modified":"2025-09-18T13:06:33","modified_gmt":"2025-09-18T11:06:33","slug":"vi-rei-select-weisswein-2023","status":"publish","type":"product","link":"https:\/\/bodegasvirei.com\/de\/tienda\/wein\/vi-rei-select-weisswein-2023\/","title":{"rendered":"VI REI SELECT 2023"},"content":{"rendered":"<h3>Ausarbeitung<\/h3>\n<p>Geerntet Ende August, wenn die Traube in ihrem Perfektem Reinfungszustand ist.G\u00e4rung diese findet in Edelsstahltanks bei kontrollierter Temperatur staat. Ein wenig in die Eingene Maische gereift vor der Abf\u00fcllung.<\/p>\n<p><strong>Auge: <\/strong>Dieser wunderbare Weisswein zeigt uns einen leichtem Goldton mit gr\u00fcnliche Reflexe.<\/p>\n<p><strong>Nase:<\/strong> In der Nase finden wir Aromen von Steinobst wie z.B (Pfirsich, Aprikose), tropische Fr\u00fcchte wie z.B (Papaya, Mango, Ananas unter anderem) sowie auch Aromen nach getrocknetem Fr\u00fcchten wi z:b (Mandeln, Waln\u00fcsse, Cashewn\u00fcsse).<\/p>\n<p><strong>Mund:<\/strong> Im Mund pr\u00e4sentiert er sich als ein sehr frische Wein, mit einer gut integrierten S\u00e4ure und einem Nachgeschmack von Steinobst, mit mineralischen Noten, die typisch f\u00fcr unsere Bodega durch die N\u00e4he zum Meer.<\/p>\n<p><strong>Passt gut zu:<\/strong> Zu Mahlzeiten oder Softdinner wie Nudeln, Reis oder Fisch.<\/p>\n<p><strong>Gebrauchstemperatur:<\/strong> 8 \u2013 10\u00ba<\/p>\n","protected":false},"excerpt":{"rendered":"<p>Ausarbeitung Geerntet Ende August, wenn die Traube in ihrem Perfektem Reinfungszustand ist.G\u00e4rung diese findet in Edelsstahltanks bei kontrollierter Temperatur staat. Ein wenig in die Eingene Maische gereift vor der Abf\u00fcllung. Auge: Dieser wunderbare Weisswein zeigt uns einen leichtem Goldton mit gr\u00fcnliche Reflexe. Nase: In der Nase finden wir Aromen von Steinobst wie z.B (Pfirsich, Aprikose), &#8230; <a title=\"VI REI SELECT 2023\" class=\"read-more\" href=\"https:\/\/bodegasvirei.com\/de\/tienda\/wein\/vi-rei-select-weisswein-2023\/\" aria-label=\"Read more about VI REI SELECT 2023\">Read more<\/a><\/p>\n","protected":false},"featured_media":1322,"template":"","meta":{"iawp_total_views":18},"product_brand":[],"product_cat":[400],"product_tag":[415],"variedad-de-uva":[414,436],"class_list":{"0":"post-2378","1":"product","2":"type-product","3":"status-publish","4":"has-post-thumbnail","6":"product_cat-wein","7":"product_tag-weiss","8":"variedad-de-uva-chardonnay-de","9":"variedad-de-uva-prensal-blanc-de","11":"first","12":"instock","13":"sale","14":"taxable","15":"shipping-taxable","16":"purchasable","17":"product-type-simple"},"booking_location":null,"booking_location_type":null,"booking_duration":null,"booking_duration_unit":null,"booking_buffer":null,"booking_cost":null,"booking_resources":null,"_links":{"self":[{"href":"https:\/\/bodegasvirei.com\/de\/wp-json\/wp\/v2\/product\/2378","targetHints":{"allow":["GET"]}}],"collection":[{"href":"https:\/\/bodegasvirei.com\/de\/wp-json\/wp\/v2\/product"}],"about":[{"href":"https:\/\/bodegasvirei.com\/de\/wp-json\/wp\/v2\/types\/product"}],"version-history":[{"count":0,"href":"https:\/\/bodegasvirei.com\/de\/wp-json\/wp\/v2\/product\/2378\/revisions"}],"wp:featuredmedia":[{"embeddable":true,"href":"https:\/\/bodegasvirei.com\/de\/wp-json\/wp\/v2\/media\/1322"}],"wp:attachment":[{"href":"https:\/\/bodegasvirei.com\/de\/wp-json\/wp\/v2\/media?parent=2378"}],"wp:term":[{"taxonomy":"product_brand","embeddable":true,"href":"https:\/\/bodegasvirei.com\/de\/wp-json\/wp\/v2\/product_brand?post=2378"},{"taxonomy":"product_cat","embeddable":true,"href":"https:\/\/bodegasvirei.com\/de\/wp-json\/wp\/v2\/product_cat?post=2378"},{"taxonomy":"product_tag","embeddable":true,"href":"https:\/\/bodegasvirei.com\/de\/wp-json\/wp\/v2\/product_tag?post=2378"},{"taxonomy":"variedad-de-uva","embeddable":true,"href":"https:\/\/bodegasvirei.com\/de\/wp-json\/wp\/v2\/variedad-de-uva?post=2378"}],"curies":[{"name":"wp","href":"https:\/\/api.w.org\/{rel}","templated":true}]}}