{"id":2371,"date":"2019-10-28T13:09:24","date_gmt":"2019-10-28T12:09:24","guid":{"rendered":"https:\/\/bodegasvirei.com\/tienda\/unkategorisiert\/vi-rei-select-rotwein\/"},"modified":"2025-09-18T13:06:33","modified_gmt":"2025-09-18T11:06:33","slug":"vi-rei-select-rotwein","status":"publish","type":"product","link":"https:\/\/bodegasvirei.com\/de\/tienda\/wein\/vi-rei-select-rotwein\/","title":{"rendered":"VI REI SELECT 2022"},"content":{"rendered":"<p><strong>Rebsorte:<\/strong><br \/>\nMerlot, Syrah, Manto Negro<br \/>\n<strong>Alkoholgehalt:<\/strong> 14%.<br \/>\n<strong>PLA I LLEVANT D.O.<\/strong><br \/>\n<strong>Serviertemperatur:<\/strong> 14 &#8211; 16C\u00ba.<br \/>\n<strong>Verkostungsnotizen:<\/strong><br \/>\nBigarreau kirschrot, sauber und hell. Die Aromen werden von eingeweichten Pflaumen, Kirsch, Pfeffer, Nelken und Rauch dominiert. Im Mund ist er seidig, volumin\u00f6s, mit einer scharfen, aber erfrischenden S\u00e4ure. Er hat einen langen Abgang mit einem leicht mineralischen Geschmack, der f\u00fcr diesen Weinberg am Meer charakteristisch ist.<br \/>\nPasst zu: Mittag- oder Abendessen mit rotem Fleisch, iberischem Schinken, gereiftem K\u00e4se, dunkler Schokolade oder allein.<\/p>\n","protected":false},"excerpt":{"rendered":"<p>Rebsorte: Merlot, Syrah, Manto Negro Alkoholgehalt: 14%. PLA I LLEVANT D.O. Serviertemperatur: 14 &#8211; 16C\u00ba. Verkostungsnotizen: Bigarreau kirschrot, sauber und hell. Die Aromen werden von eingeweichten Pflaumen, Kirsch, Pfeffer, Nelken und Rauch dominiert. Im Mund ist er seidig, volumin\u00f6s, mit einer scharfen, aber erfrischenden S\u00e4ure. Er hat einen langen Abgang mit einem leicht mineralischen Geschmack, &#8230; <a title=\"VI REI SELECT 2022\" class=\"read-more\" href=\"https:\/\/bodegasvirei.com\/de\/tienda\/wein\/vi-rei-select-rotwein\/\" aria-label=\"Read more about VI REI SELECT 2022\">Read more<\/a><\/p>\n","protected":false},"featured_media":1343,"template":"","meta":{"iawp_total_views":13},"product_brand":[],"product_cat":[400],"product_tag":[401],"variedad-de-uva":[402,435,404],"class_list":{"0":"post-2371","1":"product","2":"type-product","3":"status-publish","4":"has-post-thumbnail","6":"product_cat-wein","7":"product_tag-rot","8":"variedad-de-uva-manto-negro-de","9":"variedad-de-uva-merlot-de","10":"variedad-de-uva-syrah-de","12":"first","13":"instock","14":"taxable","15":"shipping-taxable","16":"purchasable","17":"product-type-simple"},"booking_location":null,"booking_location_type":null,"booking_duration":null,"booking_duration_unit":null,"booking_buffer":null,"booking_cost":null,"booking_resources":null,"_links":{"self":[{"href":"https:\/\/bodegasvirei.com\/de\/wp-json\/wp\/v2\/product\/2371","targetHints":{"allow":["GET"]}}],"collection":[{"href":"https:\/\/bodegasvirei.com\/de\/wp-json\/wp\/v2\/product"}],"about":[{"href":"https:\/\/bodegasvirei.com\/de\/wp-json\/wp\/v2\/types\/product"}],"version-history":[{"count":0,"href":"https:\/\/bodegasvirei.com\/de\/wp-json\/wp\/v2\/product\/2371\/revisions"}],"wp:featuredmedia":[{"embeddable":true,"href":"https:\/\/bodegasvirei.com\/de\/wp-json\/wp\/v2\/media\/1343"}],"wp:attachment":[{"href":"https:\/\/bodegasvirei.com\/de\/wp-json\/wp\/v2\/media?parent=2371"}],"wp:term":[{"taxonomy":"product_brand","embeddable":true,"href":"https:\/\/bodegasvirei.com\/de\/wp-json\/wp\/v2\/product_brand?post=2371"},{"taxonomy":"product_cat","embeddable":true,"href":"https:\/\/bodegasvirei.com\/de\/wp-json\/wp\/v2\/product_cat?post=2371"},{"taxonomy":"product_tag","embeddable":true,"href":"https:\/\/bodegasvirei.com\/de\/wp-json\/wp\/v2\/product_tag?post=2371"},{"taxonomy":"variedad-de-uva","embeddable":true,"href":"https:\/\/bodegasvirei.com\/de\/wp-json\/wp\/v2\/variedad-de-uva?post=2371"}],"curies":[{"name":"wp","href":"https:\/\/api.w.org\/{rel}","templated":true}]}}