{"id":2368,"date":"2019-10-28T13:23:01","date_gmt":"2019-10-28T12:23:01","guid":{"rendered":"https:\/\/bodegasvirei.com\/tienda\/unkategorisiert\/chardonnay\/"},"modified":"2025-09-18T13:06:33","modified_gmt":"2025-09-18T11:06:33","slug":"chardonnay","status":"publish","type":"product","link":"https:\/\/bodegasvirei.com\/de\/tienda\/wein\/chardonnay\/","title":{"rendered":"CHARDONNAY 2024"},"content":{"rendered":"<p><strong>VI REI CHARDONNAY<\/strong><\/p>\n<p><strong>Rebsorte:<\/strong><br \/>\nChardonnay<br \/>\nAlkoholgehalt: 13%.<br \/>\nIGP Vi de la Terra Mallorca<br \/>\nServiertemperatur: 8 &#8211; 10\u00baC.<br \/>\n<strong>Verkostungsnotizen:<\/strong><br \/>\nBlassgelb mit goldenen Reflexen. Mit Aromen von Banane, Ananas und gr\u00fcnem Apfel. Sehr ausgewogen und vollmundig im Mund.<br \/>\nPasst zu: Fisch, wei\u00dfes Fleisch, Risotto und Meeresfr\u00fcchte.<\/p>\n","protected":false},"excerpt":{"rendered":"<p>VI REI CHARDONNAY Rebsorte: Chardonnay Alkoholgehalt: 13%. IGP Vi de la Terra Mallorca Serviertemperatur: 8 &#8211; 10\u00baC. Verkostungsnotizen: Blassgelb mit goldenen Reflexen. Mit Aromen von Banane, Ananas und gr\u00fcnem Apfel. Sehr ausgewogen und vollmundig im Mund. Passt zu: Fisch, wei\u00dfes Fleisch, Risotto und Meeresfr\u00fcchte.<\/p>\n","protected":false},"featured_media":1362,"template":"","meta":{"iawp_total_views":9},"product_brand":[],"product_cat":[400],"product_tag":[415],"variedad-de-uva":[414],"class_list":{"0":"post-2368","1":"product","2":"type-product","3":"status-publish","4":"has-post-thumbnail","6":"product_cat-wein","7":"product_tag-weiss","8":"variedad-de-uva-chardonnay-de","10":"first","11":"instock","12":"sale","13":"taxable","14":"shipping-taxable","15":"purchasable","16":"product-type-simple"},"booking_location":null,"booking_location_type":null,"booking_duration":null,"booking_duration_unit":null,"booking_buffer":null,"booking_cost":null,"booking_resources":null,"_links":{"self":[{"href":"https:\/\/bodegasvirei.com\/de\/wp-json\/wp\/v2\/product\/2368","targetHints":{"allow":["GET"]}}],"collection":[{"href":"https:\/\/bodegasvirei.com\/de\/wp-json\/wp\/v2\/product"}],"about":[{"href":"https:\/\/bodegasvirei.com\/de\/wp-json\/wp\/v2\/types\/product"}],"version-history":[{"count":0,"href":"https:\/\/bodegasvirei.com\/de\/wp-json\/wp\/v2\/product\/2368\/revisions"}],"wp:featuredmedia":[{"embeddable":true,"href":"https:\/\/bodegasvirei.com\/de\/wp-json\/wp\/v2\/media\/1362"}],"wp:attachment":[{"href":"https:\/\/bodegasvirei.com\/de\/wp-json\/wp\/v2\/media?parent=2368"}],"wp:term":[{"taxonomy":"product_brand","embeddable":true,"href":"https:\/\/bodegasvirei.com\/de\/wp-json\/wp\/v2\/product_brand?post=2368"},{"taxonomy":"product_cat","embeddable":true,"href":"https:\/\/bodegasvirei.com\/de\/wp-json\/wp\/v2\/product_cat?post=2368"},{"taxonomy":"product_tag","embeddable":true,"href":"https:\/\/bodegasvirei.com\/de\/wp-json\/wp\/v2\/product_tag?post=2368"},{"taxonomy":"variedad-de-uva","embeddable":true,"href":"https:\/\/bodegasvirei.com\/de\/wp-json\/wp\/v2\/variedad-de-uva?post=2368"}],"curies":[{"name":"wp","href":"https:\/\/api.w.org\/{rel}","templated":true}]}}