{"id":2365,"date":"2019-10-28T16:35:27","date_gmt":"2019-10-28T15:35:27","guid":{"rendered":"https:\/\/bodegasvirei.com\/tienda\/unkategorisiert\/chardonnay-roble\/"},"modified":"2025-09-18T13:06:32","modified_gmt":"2025-09-18T11:06:32","slug":"chardonnay-roble","status":"publish","type":"product","link":"https:\/\/bodegasvirei.com\/de\/tienda\/wein\/chardonnay-roble\/","title":{"rendered":"CHARDONNAY ROBLE 2023"},"content":{"rendered":"<p><strong>Rebsorte:<\/strong><br \/>\nChardonnay<br \/>\n<strong>Alkoholgehalt<\/strong>: 13,5%.<br \/>\n<strong>PLA I LLEVANT D.O.<\/strong><\/p>\n<p>6 Monate in F\u00e4ssern aus amerikanischer Eiche gereift Alle F\u00e4sser, die wir verwenden, sind neu.<\/p>\n<p><strong>Serviertemperatur<\/strong> 8-10\u00baC.<br \/>\n<strong>Verkostungsnotizen<\/strong>:<br \/>\nGelb mit goldenen Reflexen.<br \/>\nMit Aromen von mittelstark ger\u00f6stetem Holz, wei\u00dfen Fr\u00fcchten, Orangenbl\u00fcten, Vanille, Zimt und Honig. Sehr ausgewogen im Mund mit gro\u00dfer F\u00fclle und viel Volumen.<br \/>\nPassend zu: Geeignet f\u00fcr Gefl\u00fcgel wie Huhn, Truthahn, Ente, Gans, Rebhuhn, Wachtel. Auch zu Meeresfr\u00fcchten, Fisch, Nudel- und Reisgerichten.<\/p>\n<p>&nbsp;<\/p>\n","protected":false},"excerpt":{"rendered":"<p>Rebsorte: Chardonnay Alkoholgehalt: 13,5%. PLA I LLEVANT D.O. 6 Monate in F\u00e4ssern aus amerikanischer Eiche gereift Alle F\u00e4sser, die wir verwenden, sind neu. Serviertemperatur 8-10\u00baC. Verkostungsnotizen: Gelb mit goldenen Reflexen. Mit Aromen von mittelstark ger\u00f6stetem Holz, wei\u00dfen Fr\u00fcchten, Orangenbl\u00fcten, Vanille, Zimt und Honig. Sehr ausgewogen im Mund mit gro\u00dfer F\u00fclle und viel Volumen. Passend zu: &#8230; <a title=\"CHARDONNAY ROBLE 2023\" class=\"read-more\" href=\"https:\/\/bodegasvirei.com\/de\/tienda\/wein\/chardonnay-roble\/\" aria-label=\"Read more about CHARDONNAY ROBLE 2023\">Read more<\/a><\/p>\n","protected":false},"featured_media":1372,"template":"","meta":{"iawp_total_views":19},"product_brand":[],"product_cat":[400],"product_tag":[415],"variedad-de-uva":[414],"class_list":{"0":"post-2365","1":"product","2":"type-product","3":"status-publish","4":"has-post-thumbnail","6":"product_cat-wein","7":"product_tag-weiss","8":"variedad-de-uva-chardonnay-de","10":"first","11":"instock","12":"taxable","13":"shipping-taxable","14":"purchasable","15":"product-type-simple"},"booking_location":null,"booking_location_type":null,"booking_duration":null,"booking_duration_unit":null,"booking_buffer":null,"booking_cost":null,"booking_resources":null,"_links":{"self":[{"href":"https:\/\/bodegasvirei.com\/de\/wp-json\/wp\/v2\/product\/2365","targetHints":{"allow":["GET"]}}],"collection":[{"href":"https:\/\/bodegasvirei.com\/de\/wp-json\/wp\/v2\/product"}],"about":[{"href":"https:\/\/bodegasvirei.com\/de\/wp-json\/wp\/v2\/types\/product"}],"version-history":[{"count":0,"href":"https:\/\/bodegasvirei.com\/de\/wp-json\/wp\/v2\/product\/2365\/revisions"}],"wp:featuredmedia":[{"embeddable":true,"href":"https:\/\/bodegasvirei.com\/de\/wp-json\/wp\/v2\/media\/1372"}],"wp:attachment":[{"href":"https:\/\/bodegasvirei.com\/de\/wp-json\/wp\/v2\/media?parent=2365"}],"wp:term":[{"taxonomy":"product_brand","embeddable":true,"href":"https:\/\/bodegasvirei.com\/de\/wp-json\/wp\/v2\/product_brand?post=2365"},{"taxonomy":"product_cat","embeddable":true,"href":"https:\/\/bodegasvirei.com\/de\/wp-json\/wp\/v2\/product_cat?post=2365"},{"taxonomy":"product_tag","embeddable":true,"href":"https:\/\/bodegasvirei.com\/de\/wp-json\/wp\/v2\/product_tag?post=2365"},{"taxonomy":"variedad-de-uva","embeddable":true,"href":"https:\/\/bodegasvirei.com\/de\/wp-json\/wp\/v2\/variedad-de-uva?post=2365"}],"curies":[{"name":"wp","href":"https:\/\/api.w.org\/{rel}","templated":true}]}}