{"id":2362,"date":"2019-10-28T16:44:22","date_gmt":"2019-10-28T15:44:22","guid":{"rendered":"https:\/\/bodegasvirei.com\/tienda\/unkategorisiert\/malvasia\/"},"modified":"2025-12-10T13:03:59","modified_gmt":"2025-12-10T12:03:59","slug":"malvasia","status":"publish","type":"product","link":"https:\/\/bodegasvirei.com\/de\/tienda\/wein\/malvasia\/","title":{"rendered":"MALVAS\u00cdA 2024"},"content":{"rendered":"<p>Alkoholgehalt: 13%.<\/p>\n<p><strong>IGP Vi de la Terra Mallorca<\/strong><\/p>\n<p>Serviertemperatur: 8 &#8211; 10\u00baC.<\/p>\n<p><strong>Verkostungsnotizen:<\/strong><\/p>\n<p>Sauberes und leuchtendes Zitronengelb. Mit Aromen von Litchi chinensis, Mango, Honig, s\u00fc\u00dfem Geb\u00e4ck und Sultaninen. Im Mund ist er ein komplexer Wein mit einem ausgewogenen S\u00e4uregehalt. Leicht s\u00fc\u00dfer Nachgeschmack.<\/p>\n<p>Begleitende Speisen: leichtes Mittag- oder Abendessen wie Nudeln, Reisgerichte oder Fisch. Er passt auch hervorragend zu hellem Fleisch. Sehr empfehlenswert f\u00fcr Vorspeisen oder Desserts.<\/p>\n<p>&nbsp;<\/p>\n","protected":false},"excerpt":{"rendered":"<p>Alkoholgehalt: 13%. IGP Vi de la Terra Mallorca Serviertemperatur: 8 &#8211; 10\u00baC. Verkostungsnotizen: Sauberes und leuchtendes Zitronengelb. Mit Aromen von Litchi chinensis, Mango, Honig, s\u00fc\u00dfem Geb\u00e4ck und Sultaninen. Im Mund ist er ein komplexer Wein mit einem ausgewogenen S\u00e4uregehalt. Leicht s\u00fc\u00dfer Nachgeschmack. Begleitende Speisen: leichtes Mittag- oder Abendessen wie Nudeln, Reisgerichte oder Fisch. Er passt &#8230; <a title=\"MALVAS\u00cdA 2024\" class=\"read-more\" href=\"https:\/\/bodegasvirei.com\/de\/tienda\/wein\/malvasia\/\" aria-label=\"Read more about MALVAS\u00cdA 2024\">Read more<\/a><\/p>\n","protected":false},"featured_media":10916,"template":"","meta":{"iawp_total_views":39},"product_brand":[],"product_cat":[400],"product_tag":[415],"variedad-de-uva":[417],"class_list":{"0":"post-2362","1":"product","2":"type-product","3":"status-publish","4":"has-post-thumbnail","6":"product_cat-wein","7":"product_tag-weiss","8":"variedad-de-uva-malvasia-de","10":"first","11":"instock","12":"taxable","13":"shipping-taxable","14":"purchasable","15":"product-type-simple"},"booking_location":null,"booking_location_type":null,"booking_duration":null,"booking_duration_unit":null,"booking_buffer":null,"booking_cost":null,"booking_resources":null,"_links":{"self":[{"href":"https:\/\/bodegasvirei.com\/de\/wp-json\/wp\/v2\/product\/2362","targetHints":{"allow":["GET"]}}],"collection":[{"href":"https:\/\/bodegasvirei.com\/de\/wp-json\/wp\/v2\/product"}],"about":[{"href":"https:\/\/bodegasvirei.com\/de\/wp-json\/wp\/v2\/types\/product"}],"version-history":[{"count":0,"href":"https:\/\/bodegasvirei.com\/de\/wp-json\/wp\/v2\/product\/2362\/revisions"}],"wp:featuredmedia":[{"embeddable":true,"href":"https:\/\/bodegasvirei.com\/de\/wp-json\/wp\/v2\/media\/10916"}],"wp:attachment":[{"href":"https:\/\/bodegasvirei.com\/de\/wp-json\/wp\/v2\/media?parent=2362"}],"wp:term":[{"taxonomy":"product_brand","embeddable":true,"href":"https:\/\/bodegasvirei.com\/de\/wp-json\/wp\/v2\/product_brand?post=2362"},{"taxonomy":"product_cat","embeddable":true,"href":"https:\/\/bodegasvirei.com\/de\/wp-json\/wp\/v2\/product_cat?post=2362"},{"taxonomy":"product_tag","embeddable":true,"href":"https:\/\/bodegasvirei.com\/de\/wp-json\/wp\/v2\/product_tag?post=2362"},{"taxonomy":"variedad-de-uva","embeddable":true,"href":"https:\/\/bodegasvirei.com\/de\/wp-json\/wp\/v2\/variedad-de-uva?post=2362"}],"curies":[{"name":"wp","href":"https:\/\/api.w.org\/{rel}","templated":true}]}}