{"id":2358,"date":"2019-10-28T17:06:38","date_gmt":"2019-10-28T16:06:38","guid":{"rendered":"https:\/\/bodegasvirei.com\/tienda\/unkategorisiert\/vi-rei-prensal-weiss\/"},"modified":"2026-03-17T19:30:34","modified_gmt":"2026-03-17T18:30:34","slug":"vi-rei-prensal-weiss","status":"publish","type":"product","link":"https:\/\/bodegasvirei.com\/de\/tienda\/wein\/vi-rei-prensal-weiss\/","title":{"rendered":"PRENSAL BLANC 2024"},"content":{"rendered":"<p><strong>Rebsorte:<\/strong><br \/>\nPrensal Blanc<br \/>\n<strong>Alkoholgehalt:<\/strong> 12%.<br \/>\n<strong>PLA I LLEVANT D.O.<\/strong><br \/>\n<strong>Serviertemperatur<\/strong>: 6-8\u00baC.<br \/>\n<strong>Verkostungsnotizen:<\/strong><br \/>\nBlassgelbe Farbe mit gr\u00fcnlichen Reflexen, typisch f\u00fcr die Sorte Prensal, sauber und gl\u00e4nzend. In den Aromen zeigt er eine interessante Palette von Blumen- und Zitrusaromen. Er ist ein typisch mallorquinischer Wein mit einer milden S\u00e4ure, die seinen fruchtigen und erfrischenden Geschmack perfekt erg\u00e4nzt.<br \/>\nGastronomische Kombinationen: Sehr gut geeignet f\u00fcr Vorspeisen und Aperitifs. Er l\u00e4sst sich hervorragend mit weichen Lebensmitteln wie Nudeln, Reis oder Fisch kombinieren.<\/p>\n<p>&nbsp;<\/p>\n","protected":false},"excerpt":{"rendered":"<p>Rebsorte: Prensal Blanc Alkoholgehalt: 12%. PLA I LLEVANT D.O. Serviertemperatur: 6-8\u00baC. Verkostungsnotizen: Blassgelbe Farbe mit gr\u00fcnlichen Reflexen, typisch f\u00fcr die Sorte Prensal, sauber und gl\u00e4nzend. In den Aromen zeigt er eine interessante Palette von Blumen- und Zitrusaromen. Er ist ein typisch mallorquinischer Wein mit einer milden S\u00e4ure, die seinen fruchtigen und erfrischenden Geschmack perfekt erg\u00e4nzt. &#8230; <a title=\"PRENSAL BLANC 2024\" class=\"read-more\" href=\"https:\/\/bodegasvirei.com\/de\/tienda\/wein\/vi-rei-prensal-weiss\/\" aria-label=\"Read more about PRENSAL BLANC 2024\">Read more<\/a><\/p>\n","protected":false},"featured_media":1399,"template":"","meta":{"iawp_total_views":32},"product_brand":[],"product_cat":[400],"product_tag":[415],"variedad-de-uva":[436],"class_list":{"0":"post-2358","1":"product","2":"type-product","3":"status-publish","4":"has-post-thumbnail","6":"product_cat-wein","7":"product_tag-weiss","8":"variedad-de-uva-prensal-blanc-de","10":"first","11":"instock","12":"sale","13":"taxable","14":"shipping-taxable","15":"purchasable","16":"product-type-simple"},"booking_location":null,"booking_location_type":null,"booking_duration":null,"booking_duration_unit":null,"booking_buffer":null,"booking_cost":null,"booking_resources":null,"_links":{"self":[{"href":"https:\/\/bodegasvirei.com\/de\/wp-json\/wp\/v2\/product\/2358","targetHints":{"allow":["GET"]}}],"collection":[{"href":"https:\/\/bodegasvirei.com\/de\/wp-json\/wp\/v2\/product"}],"about":[{"href":"https:\/\/bodegasvirei.com\/de\/wp-json\/wp\/v2\/types\/product"}],"version-history":[{"count":0,"href":"https:\/\/bodegasvirei.com\/de\/wp-json\/wp\/v2\/product\/2358\/revisions"}],"wp:featuredmedia":[{"embeddable":true,"href":"https:\/\/bodegasvirei.com\/de\/wp-json\/wp\/v2\/media\/1399"}],"wp:attachment":[{"href":"https:\/\/bodegasvirei.com\/de\/wp-json\/wp\/v2\/media?parent=2358"}],"wp:term":[{"taxonomy":"product_brand","embeddable":true,"href":"https:\/\/bodegasvirei.com\/de\/wp-json\/wp\/v2\/product_brand?post=2358"},{"taxonomy":"product_cat","embeddable":true,"href":"https:\/\/bodegasvirei.com\/de\/wp-json\/wp\/v2\/product_cat?post=2358"},{"taxonomy":"product_tag","embeddable":true,"href":"https:\/\/bodegasvirei.com\/de\/wp-json\/wp\/v2\/product_tag?post=2358"},{"taxonomy":"variedad-de-uva","embeddable":true,"href":"https:\/\/bodegasvirei.com\/de\/wp-json\/wp\/v2\/variedad-de-uva?post=2358"}],"curies":[{"name":"wp","href":"https:\/\/api.w.org\/{rel}","templated":true}]}}