{"id":2356,"date":"2019-10-28T17:14:06","date_gmt":"2019-10-28T16:14:06","guid":{"rendered":"https:\/\/bodegasvirei.com\/tienda\/unkategorisiert\/vi-rei-syrah\/"},"modified":"2025-12-06T11:35:30","modified_gmt":"2025-12-06T10:35:30","slug":"vi-rei-syrah","status":"publish","type":"product","link":"https:\/\/bodegasvirei.com\/de\/tienda\/wein\/vi-rei-syrah\/","title":{"rendered":"SYRAH ROSE 2022"},"content":{"rendered":"<p><strong>VI REI SYRAH ROSE<\/strong><\/p>\n<p><strong>Rebsorte:<\/strong><br \/>\nSyrah 100%<br \/>\nAlkoholgehalt: 13%.<br \/>\n<strong>PLA I LLEVANT D.O.<\/strong><br \/>\nServiertemperatur: 8-10\u00baC.<br \/>\nVerkostungsnotizen:<br \/>\nHellrosa Farbe.<br \/>\nMit Aromen von schwarzen Johannisbeeren, Veilchen, reifen Kirschen und Waldbeeren. Sehr ausgewogen im Mund mit gro\u00dfer F\u00fclle und viel Volumen.<br \/>\nPassend zu: Geeignet f\u00fcr Gefl\u00fcgel wie Huhn, Truthahn, Ente, Gans, Rebhuhn, Wachtel. Auch zu Meeresfr\u00fcchten, Fisch, Nudel- und Reisgerichten.<br \/>\n<strong>LIMITIERTE AUFLAGE<\/strong><\/p>\n<p>&nbsp;<\/p>\n","protected":false},"excerpt":{"rendered":"<p>VI REI SYRAH ROSE Rebsorte: Syrah 100% Alkoholgehalt: 13%. PLA I LLEVANT D.O. Serviertemperatur: 8-10\u00baC. Verkostungsnotizen: Hellrosa Farbe. Mit Aromen von schwarzen Johannisbeeren, Veilchen, reifen Kirschen und Waldbeeren. Sehr ausgewogen im Mund mit gro\u00dfer F\u00fclle und viel Volumen. Passend zu: Geeignet f\u00fcr Gefl\u00fcgel wie Huhn, Truthahn, Ente, Gans, Rebhuhn, Wachtel. Auch zu Meeresfr\u00fcchten, Fisch, Nudel- &#8230; <a title=\"SYRAH ROSE 2022\" class=\"read-more\" href=\"https:\/\/bodegasvirei.com\/de\/tienda\/wein\/vi-rei-syrah\/\" aria-label=\"Read more about SYRAH ROSE 2022\">Read more<\/a><\/p>\n","protected":false},"featured_media":12176,"template":"","meta":{"iawp_total_views":10},"product_brand":[],"product_cat":[400],"product_tag":[407],"variedad-de-uva":[404],"class_list":{"0":"post-2356","1":"product","2":"type-product","3":"status-publish","4":"has-post-thumbnail","6":"product_cat-wein","7":"product_tag-rose-de","8":"variedad-de-uva-syrah-de","10":"first","11":"instock","12":"sale","13":"taxable","14":"shipping-taxable","15":"purchasable","16":"product-type-simple"},"booking_location":null,"booking_location_type":null,"booking_duration":null,"booking_duration_unit":null,"booking_buffer":null,"booking_cost":null,"booking_resources":null,"_links":{"self":[{"href":"https:\/\/bodegasvirei.com\/de\/wp-json\/wp\/v2\/product\/2356","targetHints":{"allow":["GET"]}}],"collection":[{"href":"https:\/\/bodegasvirei.com\/de\/wp-json\/wp\/v2\/product"}],"about":[{"href":"https:\/\/bodegasvirei.com\/de\/wp-json\/wp\/v2\/types\/product"}],"version-history":[{"count":0,"href":"https:\/\/bodegasvirei.com\/de\/wp-json\/wp\/v2\/product\/2356\/revisions"}],"wp:featuredmedia":[{"embeddable":true,"href":"https:\/\/bodegasvirei.com\/de\/wp-json\/wp\/v2\/media\/12176"}],"wp:attachment":[{"href":"https:\/\/bodegasvirei.com\/de\/wp-json\/wp\/v2\/media?parent=2356"}],"wp:term":[{"taxonomy":"product_brand","embeddable":true,"href":"https:\/\/bodegasvirei.com\/de\/wp-json\/wp\/v2\/product_brand?post=2356"},{"taxonomy":"product_cat","embeddable":true,"href":"https:\/\/bodegasvirei.com\/de\/wp-json\/wp\/v2\/product_cat?post=2356"},{"taxonomy":"product_tag","embeddable":true,"href":"https:\/\/bodegasvirei.com\/de\/wp-json\/wp\/v2\/product_tag?post=2356"},{"taxonomy":"variedad-de-uva","embeddable":true,"href":"https:\/\/bodegasvirei.com\/de\/wp-json\/wp\/v2\/variedad-de-uva?post=2356"}],"curies":[{"name":"wp","href":"https:\/\/api.w.org\/{rel}","templated":true}]}}