{"id":2353,"date":"2019-10-28T17:21:08","date_gmt":"2019-10-28T16:21:08","guid":{"rendered":"https:\/\/bodegasvirei.com\/tienda\/unkategorisiert\/vi-rei-merlot\/"},"modified":"2025-09-18T13:06:32","modified_gmt":"2025-09-18T11:06:32","slug":"vi-rei-merlot","status":"publish","type":"product","link":"https:\/\/bodegasvirei.com\/de\/tienda\/wein\/vi-rei-merlot\/","title":{"rendered":"MERLOT 2022"},"content":{"rendered":"<h3>Ausarbeitung<\/h3>\n<p>Ausgesuchte Lese w\u00e4hrend der zweiten September-H\u00e4lfte und ersten Oktober-Tagen.<\/p>\n<p>Fermentation im Stahltank bei kontrollierter Temperatur.<\/p>\n<p>Empfohlene Trinktemperatur 16-18\u00baC.<\/p>\n<p><strong>Auge<\/strong>: Intensives Rot, tiefgr\u00fcndig und brillant.<\/p>\n<p><strong>Nase<\/strong>: Waldfr\u00fcchte, Kirsche.<\/p>\n<p><strong>Mund<\/strong>: Dieser Merlot zeigt sich als ein Gourmet-Wein, volumin\u00f6s Mit pr\u00e4zisem S\u00e4urespiel aber erfrischend. Langer Abgang.<\/p>\n<p><strong>Passt zu<\/strong>: Rotem Fleisch, K\u00e4se, Schokolade, Schwarzen Oliven.<\/p>\n","protected":false},"excerpt":{"rendered":"<p><\/p>\n","protected":false},"featured_media":1415,"template":"","meta":{"iawp_total_views":14},"product_brand":[],"product_cat":[400],"product_tag":[401],"variedad-de-uva":[435],"class_list":{"0":"post-2353","1":"product","2":"type-product","3":"status-publish","4":"has-post-thumbnail","6":"product_cat-wein","7":"product_tag-rot","8":"variedad-de-uva-merlot-de","10":"first","11":"instock","12":"taxable","13":"shipping-taxable","14":"purchasable","15":"product-type-simple"},"booking_location":null,"booking_location_type":null,"booking_duration":null,"booking_duration_unit":null,"booking_buffer":null,"booking_cost":null,"booking_resources":null,"_links":{"self":[{"href":"https:\/\/bodegasvirei.com\/de\/wp-json\/wp\/v2\/product\/2353","targetHints":{"allow":["GET"]}}],"collection":[{"href":"https:\/\/bodegasvirei.com\/de\/wp-json\/wp\/v2\/product"}],"about":[{"href":"https:\/\/bodegasvirei.com\/de\/wp-json\/wp\/v2\/types\/product"}],"version-history":[{"count":0,"href":"https:\/\/bodegasvirei.com\/de\/wp-json\/wp\/v2\/product\/2353\/revisions"}],"wp:featuredmedia":[{"embeddable":true,"href":"https:\/\/bodegasvirei.com\/de\/wp-json\/wp\/v2\/media\/1415"}],"wp:attachment":[{"href":"https:\/\/bodegasvirei.com\/de\/wp-json\/wp\/v2\/media?parent=2353"}],"wp:term":[{"taxonomy":"product_brand","embeddable":true,"href":"https:\/\/bodegasvirei.com\/de\/wp-json\/wp\/v2\/product_brand?post=2353"},{"taxonomy":"product_cat","embeddable":true,"href":"https:\/\/bodegasvirei.com\/de\/wp-json\/wp\/v2\/product_cat?post=2353"},{"taxonomy":"product_tag","embeddable":true,"href":"https:\/\/bodegasvirei.com\/de\/wp-json\/wp\/v2\/product_tag?post=2353"},{"taxonomy":"variedad-de-uva","embeddable":true,"href":"https:\/\/bodegasvirei.com\/de\/wp-json\/wp\/v2\/variedad-de-uva?post=2353"}],"curies":[{"name":"wp","href":"https:\/\/api.w.org\/{rel}","templated":true}]}}