{"id":17118,"date":"2022-04-06T12:14:13","date_gmt":"2022-04-06T10:14:13","guid":{"rendered":"https:\/\/bodegasvirei.com\/?post_type=product&#038;p=17118"},"modified":"2025-09-18T13:06:31","modified_gmt":"2025-09-18T11:06:31","slug":"vi-rei-pescador-mallorqi","status":"publish","type":"product","link":"https:\/\/bodegasvirei.com\/de\/tienda\/wein\/vi-rei-pescador-mallorqi\/","title":{"rendered":"VI REI PESCADOR MALLORQ\u00cd 2024"},"content":{"rendered":"<p>Temperatura de consumo 6-8C\u00ba<\/p>\n<p><b>Verkostungsnotizen: <\/b>Blassgelbe Farbe, sauber und hell. Mit blumigen Aromen, Zitrusfr\u00fcchten, Birnenkompott und Honig. Im Mund ist es ein s\u00fc\u00dfer Wein mit einer gut integrierten S\u00e4ure.<b><br \/>\n<\/b><\/p>\n<p><b>Passende Speisen:<\/b><\/p>\n<p>eichte Mittag- oder Abendessen wie Nudeln, Reis oder Fisch. Er passt auch hervorragend zu hellem Fleisch. F\u00fcr den Anfang sehr zu empfehlen.<\/p>\n","protected":false},"excerpt":{"rendered":"<p>Temperatura de consumo 6-8C\u00ba Verkostungsnotizen: Blassgelbe Farbe, sauber und hell. Mit blumigen Aromen, Zitrusfr\u00fcchten, Birnenkompott und Honig. Im Mund ist es ein s\u00fc\u00dfer Wein mit einer gut integrierten S\u00e4ure. Passende Speisen: eichte Mittag- oder Abendessen wie Nudeln, Reis oder Fisch. Er passt auch hervorragend zu hellem Fleisch. F\u00fcr den Anfang sehr zu empfehlen.<\/p>\n","protected":false},"featured_media":17114,"template":"","meta":{"iawp_total_views":9},"product_brand":[],"product_cat":[400],"product_tag":[415],"variedad-de-uva":[416,436],"class_list":{"0":"post-17118","1":"product","2":"type-product","3":"status-publish","4":"has-post-thumbnail","6":"product_cat-wein","7":"product_tag-weiss","8":"variedad-de-uva-giro-ros-de","9":"variedad-de-uva-prensal-blanc-de","11":"first","12":"instock","13":"sale","14":"taxable","15":"shipping-taxable","16":"purchasable","17":"product-type-simple"},"booking_location":null,"booking_location_type":null,"booking_duration":null,"booking_duration_unit":null,"booking_buffer":null,"booking_cost":null,"booking_resources":null,"_links":{"self":[{"href":"https:\/\/bodegasvirei.com\/de\/wp-json\/wp\/v2\/product\/17118","targetHints":{"allow":["GET"]}}],"collection":[{"href":"https:\/\/bodegasvirei.com\/de\/wp-json\/wp\/v2\/product"}],"about":[{"href":"https:\/\/bodegasvirei.com\/de\/wp-json\/wp\/v2\/types\/product"}],"version-history":[{"count":0,"href":"https:\/\/bodegasvirei.com\/de\/wp-json\/wp\/v2\/product\/17118\/revisions"}],"wp:featuredmedia":[{"embeddable":true,"href":"https:\/\/bodegasvirei.com\/de\/wp-json\/wp\/v2\/media\/17114"}],"wp:attachment":[{"href":"https:\/\/bodegasvirei.com\/de\/wp-json\/wp\/v2\/media?parent=17118"}],"wp:term":[{"taxonomy":"product_brand","embeddable":true,"href":"https:\/\/bodegasvirei.com\/de\/wp-json\/wp\/v2\/product_brand?post=17118"},{"taxonomy":"product_cat","embeddable":true,"href":"https:\/\/bodegasvirei.com\/de\/wp-json\/wp\/v2\/product_cat?post=17118"},{"taxonomy":"product_tag","embeddable":true,"href":"https:\/\/bodegasvirei.com\/de\/wp-json\/wp\/v2\/product_tag?post=17118"},{"taxonomy":"variedad-de-uva","embeddable":true,"href":"https:\/\/bodegasvirei.com\/de\/wp-json\/wp\/v2\/variedad-de-uva?post=17118"}],"curies":[{"name":"wp","href":"https:\/\/api.w.org\/{rel}","templated":true}]}}