{"id":13852,"date":"2022-01-20T12:07:15","date_gmt":"2022-01-20T11:07:15","guid":{"rendered":"https:\/\/bodegasvirei.com\/tienda\/unkategorisiert\/picknick-im-weinfeld\/"},"modified":"2024-04-15T09:19:06","modified_gmt":"2024-04-15T07:19:06","slug":"picknick-im-weinfeld","status":"publish","type":"product","link":"https:\/\/bodegasvirei.com\/de\/tienda\/weinprobe\/picknick-im-weinfeld\/","title":{"rendered":"Picknick im Weinfeld"},"content":{"rendered":"<p>Bei Bodegas Vi Rei bieten wir Ihnen ein Picknick an, um die Natur, die Gesellschaft und den guten Wein zu genie\u00dfen. So k\u00f6nnen Sie den Ort auf einfache Art und Weise im Picknickbereich genie\u00dfen.<\/p>\n<p><strong>Das Picknick umfasst:<\/strong> einen Laib Brot, K\u00e4se, Oliven, Tomaten, Oliven\u00f6l, Wurst, Mandeln, eine Flasche Wein und eine Flasche Wasser.<\/p>\n<p>Der Service ist nicht inbegriffen. Die Besucher m\u00fcssen den Picknickplatz so verlassen, wie er vor Beginn der Aktivit\u00e4t war.<\/p>\n<p>Diese Aktivit\u00e4t wird von April bis Oktober angeboten.<\/p>\n<p><strong>Preis pro Person: \u20ac 45<\/strong><\/p>\n","protected":false},"excerpt":{"rendered":"<p>In Bodegas Vi Rei bieten wir ein Weinpicknick inmitten der Natur an. Geniessen Sie eine gute Unterhaltung bei leckerem Wein und mallorquinischen K\u00f6stlichkeiten in einzigartigem Ambiente.<\/p>\n","protected":false},"featured_media":391,"template":"","meta":{"iawp_total_views":176},"product_brand":[],"product_cat":[676],"product_tag":[],"variedad-de-uva":[],"class_list":{"0":"post-13852","1":"product","2":"type-product","3":"status-publish","4":"has-post-thumbnail","6":"product_cat-weinprobe","8":"first","9":"instock","10":"virtual","11":"sold-individually","12":"taxable","13":"purchasable","14":"product-type-booking"},"booking_location":"","booking_location_type":"","booking_duration":1,"booking_duration_unit":"day","booking_buffer":0,"booking_cost":0,"booking_resources":[],"_links":{"self":[{"href":"https:\/\/bodegasvirei.com\/de\/wp-json\/wp\/v2\/product\/13852","targetHints":{"allow":["GET"]}}],"collection":[{"href":"https:\/\/bodegasvirei.com\/de\/wp-json\/wp\/v2\/product"}],"about":[{"href":"https:\/\/bodegasvirei.com\/de\/wp-json\/wp\/v2\/types\/product"}],"version-history":[{"count":0,"href":"https:\/\/bodegasvirei.com\/de\/wp-json\/wp\/v2\/product\/13852\/revisions"}],"wp:featuredmedia":[{"embeddable":true,"href":"https:\/\/bodegasvirei.com\/de\/wp-json\/wp\/v2\/media\/391"}],"wp:attachment":[{"href":"https:\/\/bodegasvirei.com\/de\/wp-json\/wp\/v2\/media?parent=13852"}],"wp:term":[{"taxonomy":"product_brand","embeddable":true,"href":"https:\/\/bodegasvirei.com\/de\/wp-json\/wp\/v2\/product_brand?post=13852"},{"taxonomy":"product_cat","embeddable":true,"href":"https:\/\/bodegasvirei.com\/de\/wp-json\/wp\/v2\/product_cat?post=13852"},{"taxonomy":"product_tag","embeddable":true,"href":"https:\/\/bodegasvirei.com\/de\/wp-json\/wp\/v2\/product_tag?post=13852"},{"taxonomy":"variedad-de-uva","embeddable":true,"href":"https:\/\/bodegasvirei.com\/de\/wp-json\/wp\/v2\/variedad-de-uva?post=13852"}],"curies":[{"name":"wp","href":"https:\/\/api.w.org\/{rel}","templated":true}]}}