{"id":13841,"date":"2022-01-20T10:45:22","date_gmt":"2022-01-20T09:45:22","guid":{"rendered":"https:\/\/bodegasvirei.com\/tienda\/unkategorisiert\/grillen-im-weinberg\/"},"modified":"2026-02-19T11:51:24","modified_gmt":"2026-02-19T10:51:24","slug":"grillen-im-weinberg","status":"publish","type":"product","link":"https:\/\/bodegasvirei.com\/de\/tienda\/weinprobe\/grillen-im-weinberg\/","title":{"rendered":"GRILLEN IM WEINBERG"},"content":{"rendered":"<p>Genie\u00dfen Sie ein Barbecue auf der Terrasse mit spektakul\u00e4rem Blick auf unseren Weinberg.<\/p>\n<p>Eine Aktivit\u00e4t, die man mit der Familie oder mit Freunden genie\u00dfen kann. Wir bereiten das Feuer mit dem Holz aus dem Weinberg vor und stellen das Fleisch zum Toasten bereit (Lamm oder Schweinekoteletts und Lamm von unserem Feld), das der Kunde r\u00f6sten muss. Wir bieten keinen Grillservice an.<\/p>\n<p>Enth\u00e4lt einen von uns zubereiteten Salat der Saison, Wasser, Wein (nach Wahl des Kunden w\u00e4hrend der Verkostung), Kaffee und hausgemachtes Dessert.<\/p>\n<p>Mindestteilnehmerzahl von 6 Personen.<br \/>\n* Beinhaltet keinen Koch- oder Kellnerdienst, dies ist eine Kundenaktivit\u00e4t.<\/p>\n<p><strong>Dauer: abh\u00e4ngig vom Kunden.<\/strong><\/p>\n<p><strong>\u00d6ffnungszeiten: T\u00e4glich von 10 bis 17 Uhr (auf Reservierung).<\/strong><\/p>\n<p><strong>Preis pro Person: 65 \u20ac<\/strong><\/p>\n","protected":false},"excerpt":{"rendered":"<p>Wir bieten BBQ auf der Terrasse mit Blick auf unseren spektakul\u00e4ren Weinberg.<\/p>\n<p>Es ist eine Aktivit\u00e4t, die Sie mit der Familie oder in Gesellschaft von Freunden genie\u00dfen k\u00f6nnen<\/p>\n","protected":false},"featured_media":409,"template":"","meta":{"iawp_total_views":12},"product_brand":[],"product_cat":[676],"product_tag":[],"variedad-de-uva":[],"class_list":{"0":"post-13841","1":"product","2":"type-product","3":"status-publish","4":"has-post-thumbnail","6":"product_cat-weinprobe","8":"first","9":"instock","10":"virtual","11":"sold-individually","12":"taxable","13":"purchasable","14":"product-type-booking"},"booking_location":"","booking_location_type":"","booking_duration":1,"booking_duration_unit":"day","booking_buffer":0,"booking_cost":0,"booking_resources":[],"_links":{"self":[{"href":"https:\/\/bodegasvirei.com\/de\/wp-json\/wp\/v2\/product\/13841","targetHints":{"allow":["GET"]}}],"collection":[{"href":"https:\/\/bodegasvirei.com\/de\/wp-json\/wp\/v2\/product"}],"about":[{"href":"https:\/\/bodegasvirei.com\/de\/wp-json\/wp\/v2\/types\/product"}],"version-history":[{"count":0,"href":"https:\/\/bodegasvirei.com\/de\/wp-json\/wp\/v2\/product\/13841\/revisions"}],"wp:featuredmedia":[{"embeddable":true,"href":"https:\/\/bodegasvirei.com\/de\/wp-json\/wp\/v2\/media\/409"}],"wp:attachment":[{"href":"https:\/\/bodegasvirei.com\/de\/wp-json\/wp\/v2\/media?parent=13841"}],"wp:term":[{"taxonomy":"product_brand","embeddable":true,"href":"https:\/\/bodegasvirei.com\/de\/wp-json\/wp\/v2\/product_brand?post=13841"},{"taxonomy":"product_cat","embeddable":true,"href":"https:\/\/bodegasvirei.com\/de\/wp-json\/wp\/v2\/product_cat?post=13841"},{"taxonomy":"product_tag","embeddable":true,"href":"https:\/\/bodegasvirei.com\/de\/wp-json\/wp\/v2\/product_tag?post=13841"},{"taxonomy":"variedad-de-uva","embeddable":true,"href":"https:\/\/bodegasvirei.com\/de\/wp-json\/wp\/v2\/variedad-de-uva?post=13841"}],"curies":[{"name":"wp","href":"https:\/\/api.w.org\/{rel}","templated":true}]}}