{"id":13839,"date":"2022-01-17T09:24:43","date_gmt":"2022-01-17T08:24:43","guid":{"rendered":"https:\/\/bodegasvirei.com\/tienda\/unkategorisiert\/verkostung-von-eichenweinen-mit-kasebrett\/"},"modified":"2025-12-06T08:54:37","modified_gmt":"2025-12-06T07:54:37","slug":"verkostung-von-eichenweinen-mit-kasebrett","status":"publish","type":"product","link":"https:\/\/bodegasvirei.com\/de\/tienda\/weinprobe\/verkostung-von-eichenweinen-mit-kasebrett\/","title":{"rendered":"VERKOSTUNG VON EICHENWEINEN MIT K\u00c4SEBRETT"},"content":{"rendered":"<p>Wir laden Sie ein, unsere k\u00f6stlichen, im Fass gereiften Wei\u00dfweine (Sauvignon Blanc und Chardonnay) und unsere k\u00f6stlichen Rotweine Vi Rei Barrica und Vi Rei Crianza zusammen mit einer K\u00e4seplatte zu probieren.<\/p>\n<p><strong>F\u00fcr 2 bis 6 Personen 200\u20ac<\/strong><\/p>\n<div style=\"font-size: 14px; margin-top: -20px; margin-bottom: 30px;\">Stornierungen oder Termin\u00e4nderungen werden unter keinen Umst\u00e4nden akzeptiert.<\/div>\n<p><strong style=\"font-size: 16px;\">Nur mit Reservierung.<\/strong><\/p>\n","protected":false},"excerpt":{"rendered":"<p>Wir laden Sie ein, unsere k\u00f6stlichen, im Fass gereiften Wei\u00dfweine (Sauvignon Blanc und Chardonnay) und unsere k\u00f6stlichen Rotweine Vi Rei Barrica und Vi Rei Crianza zusammen mit einer K\u00e4seplatte zu probieren.<\/p>\n","protected":false},"featured_media":12065,"template":"","meta":{"iawp_total_views":29},"product_brand":[],"product_cat":[676],"product_tag":[],"variedad-de-uva":[],"class_list":{"0":"post-13839","1":"product","2":"type-product","3":"status-publish","4":"has-post-thumbnail","6":"product_cat-weinprobe","8":"first","9":"instock","10":"virtual","11":"sold-individually","12":"taxable","13":"purchasable","14":"product-type-booking"},"booking_location":"","booking_location_type":"","booking_duration":1,"booking_duration_unit":"day","booking_buffer":0,"booking_cost":200,"booking_resources":[],"_links":{"self":[{"href":"https:\/\/bodegasvirei.com\/de\/wp-json\/wp\/v2\/product\/13839","targetHints":{"allow":["GET"]}}],"collection":[{"href":"https:\/\/bodegasvirei.com\/de\/wp-json\/wp\/v2\/product"}],"about":[{"href":"https:\/\/bodegasvirei.com\/de\/wp-json\/wp\/v2\/types\/product"}],"version-history":[{"count":0,"href":"https:\/\/bodegasvirei.com\/de\/wp-json\/wp\/v2\/product\/13839\/revisions"}],"wp:featuredmedia":[{"embeddable":true,"href":"https:\/\/bodegasvirei.com\/de\/wp-json\/wp\/v2\/media\/12065"}],"wp:attachment":[{"href":"https:\/\/bodegasvirei.com\/de\/wp-json\/wp\/v2\/media?parent=13839"}],"wp:term":[{"taxonomy":"product_brand","embeddable":true,"href":"https:\/\/bodegasvirei.com\/de\/wp-json\/wp\/v2\/product_brand?post=13839"},{"taxonomy":"product_cat","embeddable":true,"href":"https:\/\/bodegasvirei.com\/de\/wp-json\/wp\/v2\/product_cat?post=13839"},{"taxonomy":"product_tag","embeddable":true,"href":"https:\/\/bodegasvirei.com\/de\/wp-json\/wp\/v2\/product_tag?post=13839"},{"taxonomy":"variedad-de-uva","embeddable":true,"href":"https:\/\/bodegasvirei.com\/de\/wp-json\/wp\/v2\/variedad-de-uva?post=13839"}],"curies":[{"name":"wp","href":"https:\/\/api.w.org\/{rel}","templated":true}]}}