{"id":13088,"date":"2021-12-07T23:31:11","date_gmt":"2021-12-07T22:31:11","guid":{"rendered":"https:\/\/bodegasvirei.com\/tienda\/unkategorisiert\/vi-rei-crianza-2019\/"},"modified":"2025-09-18T13:06:31","modified_gmt":"2025-09-18T11:06:31","slug":"vi-rei-crianza-2019","status":"publish","type":"product","link":"https:\/\/bodegasvirei.com\/de\/tienda\/wein\/vi-rei-crianza-2019\/","title":{"rendered":"VI  REI CRIANZA 2019"},"content":{"rendered":"<h3>Ausarbeitung<\/h3>\n<p>12 Monate in franz\u00f6sischen und amerikanischen Eichenf\u00e4ssern.<\/p>\n<p>Serviertemperatur 14-16\u00baC<\/p>\n<p><strong>Auge<\/strong>: Aussehen Intensive granatrote Farbe mit ziegelfarbenen Reflexen, die auf die Reifung in F\u00e4ssern hinweisen.<\/p>\n<p><strong>Bouquet<\/strong>: Aromen von roten Fr\u00fcchten wie Kirsche, reife Feige, schwarze Fr\u00fcchte wie Brombeere und Brombeere, Kirsch. Terti\u00e4re Aromen wie Schokolade und ger\u00e4uchert, sowie w\u00fcrzig (leichter Hauch von Pfeffer und Nelke).<\/p>\n<p><strong>Passt zu<\/strong>: Rotem Fleisch, Rohschinken, reifem K\u00e4se, Eint\u00f6pfe<\/p>\n","protected":false},"excerpt":{"rendered":"<p>Ausarbeitung 12 Monate in franz\u00f6sischen und amerikanischen Eichenf\u00e4ssern. Serviertemperatur 14-16\u00baC Auge: Aussehen Intensive granatrote Farbe mit ziegelfarbenen Reflexen, die auf die Reifung in F\u00e4ssern hinweisen. Bouquet: Aromen von roten Fr\u00fcchten wie Kirsche, reife Feige, schwarze Fr\u00fcchte wie Brombeere und Brombeere, Kirsch. Terti\u00e4re Aromen wie Schokolade und ger\u00e4uchert, sowie w\u00fcrzig (leichter Hauch von Pfeffer und Nelke). &#8230; <a title=\"VI  REI CRIANZA 2019\" class=\"read-more\" href=\"https:\/\/bodegasvirei.com\/de\/tienda\/wein\/vi-rei-crianza-2019\/\" aria-label=\"Read more about VI  REI CRIANZA 2019\">Read more<\/a><\/p>\n","protected":false},"featured_media":13082,"template":"","meta":{"iawp_total_views":6},"product_brand":[],"product_cat":[400],"product_tag":[401],"variedad-de-uva":[435],"class_list":{"0":"post-13088","1":"product","2":"type-product","3":"status-publish","4":"has-post-thumbnail","6":"product_cat-wein","7":"product_tag-rot","8":"variedad-de-uva-merlot-de","10":"first","11":"instock","12":"taxable","13":"shipping-taxable","14":"purchasable","15":"product-type-simple"},"booking_location":null,"booking_location_type":null,"booking_duration":null,"booking_duration_unit":null,"booking_buffer":null,"booking_cost":null,"booking_resources":null,"_links":{"self":[{"href":"https:\/\/bodegasvirei.com\/de\/wp-json\/wp\/v2\/product\/13088","targetHints":{"allow":["GET"]}}],"collection":[{"href":"https:\/\/bodegasvirei.com\/de\/wp-json\/wp\/v2\/product"}],"about":[{"href":"https:\/\/bodegasvirei.com\/de\/wp-json\/wp\/v2\/types\/product"}],"version-history":[{"count":0,"href":"https:\/\/bodegasvirei.com\/de\/wp-json\/wp\/v2\/product\/13088\/revisions"}],"wp:featuredmedia":[{"embeddable":true,"href":"https:\/\/bodegasvirei.com\/de\/wp-json\/wp\/v2\/media\/13082"}],"wp:attachment":[{"href":"https:\/\/bodegasvirei.com\/de\/wp-json\/wp\/v2\/media?parent=13088"}],"wp:term":[{"taxonomy":"product_brand","embeddable":true,"href":"https:\/\/bodegasvirei.com\/de\/wp-json\/wp\/v2\/product_brand?post=13088"},{"taxonomy":"product_cat","embeddable":true,"href":"https:\/\/bodegasvirei.com\/de\/wp-json\/wp\/v2\/product_cat?post=13088"},{"taxonomy":"product_tag","embeddable":true,"href":"https:\/\/bodegasvirei.com\/de\/wp-json\/wp\/v2\/product_tag?post=13088"},{"taxonomy":"variedad-de-uva","embeddable":true,"href":"https:\/\/bodegasvirei.com\/de\/wp-json\/wp\/v2\/variedad-de-uva?post=13088"}],"curies":[{"name":"wp","href":"https:\/\/api.w.org\/{rel}","templated":true}]}}