{"id":12194,"date":"2021-03-01T18:33:56","date_gmt":"2021-03-01T17:33:56","guid":{"rendered":"https:\/\/bodegasvirei.com\/tienda\/unkategorisiert\/malvasia-dolc\/"},"modified":"2025-09-18T13:06:32","modified_gmt":"2025-09-18T11:06:32","slug":"malvasia-dolc","status":"publish","type":"product","link":"https:\/\/bodegasvirei.com\/de\/tienda\/wein\/malvasia-dolc\/","title":{"rendered":"MALVAS\u00cdA DOL\u00c7 2023"},"content":{"rendered":"<h3>Ausarbeitung<\/h3>\n<p>Ausgew\u00e4hlte Ernte Ende August, wenn die Trauben die perfekte Reife erzielt haben. Die G\u00e4rung findet in Edelstahltanks bei kontrollierten Temperaturen statt. Es handelt sich bei die-sem Wein um eine limitierte Auflage.<\/p>\n<p>Empfohlene Trinktemperatur: 8 \u2013 10\u00ba<\/p>\n<p><strong>Auge:<\/strong> Im Auge pr\u00e4sentiert die Rebsorte Malvas\u00eda einen weis-gelben. Ton mit gr\u00fcnen Reflexen. Klar und brillant.<\/p>\n<p><strong>Nase<\/strong>: Die Rebsorte Malvas\u00eda bietet Aromen von weissen Bl\u00fcten, wie Mandel oder Orangenbl\u00fcten. Auch leichte Fruchtt\u00f6ne von Pfirsich, Birne oder reifen \u00c4pfeln, einschliesslich Kompott.<\/p>\n<p><strong>Mund<\/strong>: Ein komplexer Wein auf der Zunge, mit ausgewogenem S\u00e4urespiel. Leicht herber Abgang mit salzigen T\u00f6nen, der N\u00e4he der Wein-felder zum Meer geschuldet.<\/p>\n<p><strong>Verzehrempfehlung<\/strong>: Zum Mittagessen oder leichtem Abendessen, Gerichten wie Pastas, Reis oder Fisch kombinieren perfekt und auch leichte Fleischgerichte. Sehr empfehlenswert<br \/>f\u00fcr Vor- oder Nachspeisen.<\/p>\n<p>LIMITIERTE AUFLAGE<\/p>\n","protected":false},"excerpt":{"rendered":"<p><br data-mce-bogus=\"1\"><\/p>\n","protected":false},"featured_media":12182,"template":"","meta":{"iawp_total_views":13},"product_brand":[],"product_cat":[400],"product_tag":[415],"variedad-de-uva":[417],"class_list":{"0":"post-12194","1":"product","2":"type-product","3":"status-publish","4":"has-post-thumbnail","6":"product_cat-wein","7":"product_tag-weiss","8":"variedad-de-uva-malvasia-de","10":"first","11":"outofstock","12":"taxable","13":"shipping-taxable","14":"purchasable","15":"product-type-simple"},"booking_location":null,"booking_location_type":null,"booking_duration":null,"booking_duration_unit":null,"booking_buffer":null,"booking_cost":null,"booking_resources":null,"_links":{"self":[{"href":"https:\/\/bodegasvirei.com\/de\/wp-json\/wp\/v2\/product\/12194","targetHints":{"allow":["GET"]}}],"collection":[{"href":"https:\/\/bodegasvirei.com\/de\/wp-json\/wp\/v2\/product"}],"about":[{"href":"https:\/\/bodegasvirei.com\/de\/wp-json\/wp\/v2\/types\/product"}],"version-history":[{"count":0,"href":"https:\/\/bodegasvirei.com\/de\/wp-json\/wp\/v2\/product\/12194\/revisions"}],"wp:featuredmedia":[{"embeddable":true,"href":"https:\/\/bodegasvirei.com\/de\/wp-json\/wp\/v2\/media\/12182"}],"wp:attachment":[{"href":"https:\/\/bodegasvirei.com\/de\/wp-json\/wp\/v2\/media?parent=12194"}],"wp:term":[{"taxonomy":"product_brand","embeddable":true,"href":"https:\/\/bodegasvirei.com\/de\/wp-json\/wp\/v2\/product_brand?post=12194"},{"taxonomy":"product_cat","embeddable":true,"href":"https:\/\/bodegasvirei.com\/de\/wp-json\/wp\/v2\/product_cat?post=12194"},{"taxonomy":"product_tag","embeddable":true,"href":"https:\/\/bodegasvirei.com\/de\/wp-json\/wp\/v2\/product_tag?post=12194"},{"taxonomy":"variedad-de-uva","embeddable":true,"href":"https:\/\/bodegasvirei.com\/de\/wp-json\/wp\/v2\/variedad-de-uva?post=12194"}],"curies":[{"name":"wp","href":"https:\/\/api.w.org\/{rel}","templated":true}]}}