{"id":13759,"date":"2022-01-22T00:52:40","date_gmt":"2022-01-21T23:52:40","guid":{"rendered":"https:\/\/bodegasvirei.com\/rueckgabe-und-erstattungsbedingungen\/"},"modified":"2022-01-22T01:16:49","modified_gmt":"2022-01-22T00:16:49","slug":"rueckgabe-und-erstattungsbedingungen","status":"publish","type":"page","link":"https:\/\/bodegasvirei.com\/de\/rueckgabe-und-erstattungsbedingungen\/","title":{"rendered":"R\u00fcckgabe- und Erstattungsbedingungen"},"content":{"rendered":"\t\t<div data-elementor-type=\"wp-page\" data-elementor-id=\"13759\" class=\"elementor elementor-13759 elementor-13273\" data-elementor-post-type=\"page\">\n\t\t\t\t\t\t<section class=\"elementor-section elementor-top-section elementor-element elementor-element-e71f99c elementor-section-full_width elementor-section-height-default elementor-section-height-default\" data-id=\"e71f99c\" data-element_type=\"section\" data-e-type=\"section\" data-settings=\"{&quot;jet_parallax_layout_list&quot;:[{&quot;jet_parallax_layout_image&quot;:{&quot;url&quot;:&quot;&quot;,&quot;id&quot;:&quot;&quot;,&quot;size&quot;:&quot;&quot;},&quot;_id&quot;:&quot;3518841&quot;,&quot;jet_parallax_layout_image_tablet&quot;:{&quot;url&quot;:&quot;&quot;,&quot;id&quot;:&quot;&quot;,&quot;size&quot;:&quot;&quot;},&quot;jet_parallax_layout_image_mobile&quot;:{&quot;url&quot;:&quot;&quot;,&quot;id&quot;:&quot;&quot;,&quot;size&quot;:&quot;&quot;},&quot;jet_parallax_layout_speed&quot;:{&quot;unit&quot;:&quot;%&quot;,&quot;size&quot;:50,&quot;sizes&quot;:[]},&quot;jet_parallax_layout_type&quot;:&quot;scroll&quot;,&quot;jet_parallax_layout_direction&quot;:&quot;1&quot;,&quot;jet_parallax_layout_fx_direction&quot;:null,&quot;jet_parallax_layout_z_index&quot;:&quot;&quot;,&quot;jet_parallax_layout_bg_x&quot;:50,&quot;jet_parallax_layout_bg_x_tablet&quot;:&quot;&quot;,&quot;jet_parallax_layout_bg_x_mobile&quot;:&quot;&quot;,&quot;jet_parallax_layout_bg_y&quot;:50,&quot;jet_parallax_layout_bg_y_tablet&quot;:&quot;&quot;,&quot;jet_parallax_layout_bg_y_mobile&quot;:&quot;&quot;,&quot;jet_parallax_layout_bg_size&quot;:&quot;auto&quot;,&quot;jet_parallax_layout_bg_size_tablet&quot;:&quot;&quot;,&quot;jet_parallax_layout_bg_size_mobile&quot;:&quot;&quot;,&quot;jet_parallax_layout_animation_prop&quot;:&quot;transform&quot;,&quot;jet_parallax_layout_on&quot;:[&quot;desktop&quot;,&quot;tablet&quot;]}]}\">\n\t\t\t\t\t\t<div class=\"elementor-container elementor-column-gap-default\">\n\t\t\t\t\t<div class=\"elementor-column elementor-col-100 elementor-top-column elementor-element elementor-element-5b32db99\" data-id=\"5b32db99\" data-element_type=\"column\" data-e-type=\"column\">\n\t\t\t<div class=\"elementor-widget-wrap elementor-element-populated\">\n\t\t\t\t\t\t<div class=\"elementor-element elementor-element-7001598 elementor-widget elementor-widget-heading\" data-id=\"7001598\" data-element_type=\"widget\" data-e-type=\"widget\" data-widget_type=\"heading.default\">\n\t\t\t\t<div class=\"elementor-widget-container\">\n\t\t\t\t\t<h2 class=\"elementor-heading-title elementor-size-default\">R\u00fcckgabe- und Erstattungsbedingungen<\/h2>\t\t\t\t<\/div>\n\t\t\t\t<\/div>\n\t\t\t\t<div class=\"elementor-element elementor-element-57041fb4 elementor-widget elementor-widget-text-editor\" data-id=\"57041fb4\" data-element_type=\"widget\" data-e-type=\"widget\" data-widget_type=\"text-editor.default\">\n\t\t\t\t<div class=\"elementor-widget-container\">\n\t\t\t\t\t\t\t\t\t<p>Nur unbenutzte Produkte k\u00f6nnen umgetauscht oder zur\u00fcckgegeben werden.<br \/>\nWenn Sie also ein bestimmtes Produkt zur\u00fcckgeben m\u00f6chten, m\u00fcssen Sie<br \/>\nsicherstellen, dass der oder die Artikel, die Sie zur\u00fcckgeben m\u00f6chten,<br \/>\nvollst\u00e4ndig, in perfektem Zustand, unbenutzt, mit angebrachten Etiketten und<br \/>\nin der Originalverpackung sind.<\/p>\n<p>Wenn ein Kunde mit dem erhaltenen Artikel nicht zufrieden ist, obwohl die<br \/>\nEigenschaften desselben mit der Beschreibung in der Produktbeschreibung<br \/>\n\u00fcbereinstimmen, hat der Kunde eine Frist von 5 Kalendertagen ab Erhalt der<br \/>\nBestellung, um eine R\u00fcckgabe vorzunehmen. Die Versandkosten f\u00fcr den<br \/>\nUmtausch oder die R\u00fcckgabe von Artikeln sind vom Kunden zu tragen.<\/p>\n<p>Wenn das Produkt durch den Spediteur besch\u00e4digt ankommt, hat der Kunde<br \/>\nebenfalls eine Frist von 5 Tagen, um einen Ersatz ohne zus\u00e4tzliche Kosten zu<br \/>\nverlangen. Dazu m\u00fcssen Sie zun\u00e4chst eine E-Mail an den Kundendienst<br \/>\ninfo@bodegasvirei.com senden, in der Sie die Gr\u00fcnde f\u00fcr die R\u00fccksendung<br \/>\nangeben und die Vorfallsdokumente von DHL sowie Bilder des besch\u00e4digten<br \/>\nProdukts beif\u00fcgen.<\/p>\n\t\t\t\t\t\t\t\t<\/div>\n\t\t\t\t<\/div>\n\t\t\t\t\t<\/div>\n\t\t<\/div>\n\t\t\t\t\t<\/div>\n\t\t<\/section>\n\t\t\t\t<\/div>\n\t\t","protected":false},"excerpt":{"rendered":"<p>Nur unbenutzte Produkte k\u00f6nnen umgetauscht oder zur\u00fcckgegeben werden. Wenn Sie also ein bestimmtes Produkt zur\u00fcckgeben m\u00f6chten, m\u00fcssen Sie sicherstellen, dass der oder die Artikel, die Sie zur\u00fcckgeben m\u00f6chten, vollst\u00e4ndig, in perfektem Zustand, unbenutzt, mit angebrachten Etiketten und in der Originalverpackung sind. Wenn ein Kunde mit dem erhaltenen Artikel nicht zufrieden ist, obwohl die Eigenschaften desselben &#8230; <a title=\"R\u00fcckgabe- und Erstattungsbedingungen\" class=\"read-more\" href=\"https:\/\/bodegasvirei.com\/de\/rueckgabe-und-erstattungsbedingungen\/\" aria-label=\"Read more about R\u00fcckgabe- und Erstattungsbedingungen\">Read more<\/a><\/p>\n","protected":false},"author":1,"featured_media":0,"parent":0,"menu_order":72,"comment_status":"closed","ping_status":"closed","template":"elementor_header_footer","meta":{"iawp_total_views":7,"footnotes":""},"class_list":["post-13759","page","type-page","status-publish"],"_links":{"self":[{"href":"https:\/\/bodegasvirei.com\/de\/wp-json\/wp\/v2\/pages\/13759","targetHints":{"allow":["GET"]}}],"collection":[{"href":"https:\/\/bodegasvirei.com\/de\/wp-json\/wp\/v2\/pages"}],"about":[{"href":"https:\/\/bodegasvirei.com\/de\/wp-json\/wp\/v2\/types\/page"}],"author":[{"embeddable":true,"href":"https:\/\/bodegasvirei.com\/de\/wp-json\/wp\/v2\/users\/1"}],"replies":[{"embeddable":true,"href":"https:\/\/bodegasvirei.com\/de\/wp-json\/wp\/v2\/comments?post=13759"}],"version-history":[{"count":0,"href":"https:\/\/bodegasvirei.com\/de\/wp-json\/wp\/v2\/pages\/13759\/revisions"}],"wp:attachment":[{"href":"https:\/\/bodegasvirei.com\/de\/wp-json\/wp\/v2\/media?parent=13759"}],"curies":[{"name":"wp","href":"https:\/\/api.w.org\/{rel}","templated":true}]}}